{"id":706,"date":"2024-01-31T09:30:29","date_gmt":"2024-01-31T08:30:29","guid":{"rendered":"https:\/\/www.slovenskeparkety.sk\/kontakt\/"},"modified":"2024-06-15T00:32:21","modified_gmt":"2024-06-14T22:32:21","slug":"kontakt","status":"publish","type":"page","link":"https:\/\/www.slovenskeparkety.sk\/de\/kontakt\/","title":{"rendered":"Kontakt"},"content":{"rendered":"<p>[et_pb_section fb_built=&#8220;1&#8243; custom_padding_last_edited=&#8220;on|phone&#8220; admin_label=&#8220;Header&#8220; _builder_version=&#8220;4.24.0&#8243; _module_preset=&#8220;default&#8220; background_color=&#8220;#6e6e6e&#8220; background_enable_image=&#8220;off&#8220; min_height=&#8220;486.1px&#8220; custom_margin=&#8220;||0px||false|false&#8220; custom_padding=&#8220;91px||59px||false|false&#8220; custom_padding_tablet=&#8220;||20px||false|false&#8220; custom_padding_phone=&#8220;&#8220; hover_enabled=&#8220;0&#8243; locked=&#8220;off&#8220; global_colors_info=&#8220;{}&#8220; sticky_enabled=&#8220;0&#8243;][et_pb_row column_structure=&#8220;1_2,1_2&#8243; use_custom_gutter=&#8220;on&#8220; gutter_width=&#8220;1&#8243; make_equal=&#8220;on&#8220; _builder_version=&#8220;4.22.2&#8243; _module_preset=&#8220;default&#8220; background_enable_color=&#8220;off&#8220; custom_margin=&#8220;|auto|27px|auto||&#8220; custom_padding=&#8220;0px||0px||true|false&#8220; global_colors_info=&#8220;{}&#8220;][et_pb_column type=&#8220;1_2&#8243; _builder_version=&#8220;4.22.2&#8243; _module_preset=&#8220;default&#8220; background_enable_color=&#8220;off&#8220; custom_padding=&#8220;||||false|true&#8220; border_color_all=&#8220;rgba(145,145,145,0)&#8220; border_style_all=&#8220;none&#8220; box_shadow_style=&#8220;preset7&#8243; box_shadow_horizontal=&#8220;0px&#8220; box_shadow_vertical=&#8220;0px&#8220; box_shadow_color=&#8220;#ffffff&#8220; global_colors_info=&#8220;{}&#8220;][et_pb_text _builder_version=&#8220;4.22.1&#8243; _module_preset=&#8220;default&#8220; header_2_font=&#8220;Merriweather|300|||||||&#8220; header_2_text_color=&#8220;#FFFFFF&#8220; header_2_font_size=&#8220;47px&#8220; header_2_line_height=&#8220;1.4em&#8220; header_3_font=&#8220;|700||on|||||&#8220; header_3_text_color=&#8220;#FFFFFF&#8220; header_3_font_size=&#8220;14px&#8220; header_3_letter_spacing=&#8220;4px&#8220; header_3_line_height=&#8220;1.4em&#8220; header_2_font_size_tablet=&#8220;44px&#8220; header_2_font_size_phone=&#8220;28px&#8220; header_2_font_size_last_edited=&#8220;on|phone&#8220; locked=&#8220;off&#8220; global_colors_info=&#8220;{}&#8220;]<\/p>\n<h3>F\u00dcR ALLE FRAGEN<\/h3>\n<h2><span style=\"color: #b4926b;\"><strong>Kontakt<\/strong><\/span><\/h2>\n<p>[\/et_pb_text][et_pb_text _builder_version=&#8220;4.24.0&#8243; _module_preset=&#8220;default&#8220; text_font_size=&#8220;18px&#8220; text_line_height=&#8220;2.2em&#8220; header_font=&#8220;Merriweather|300|||||||&#8220; header_font_size=&#8220;66px&#8220; header_line_height=&#8220;1.4em&#8220; header_3_font=&#8220;|700||on|||||&#8220; header_3_font_size=&#8220;14px&#8220; header_3_letter_spacing=&#8220;4px&#8220; header_3_line_height=&#8220;1.4em&#8220; background_layout=&#8220;dark&#8220; hover_enabled=&#8220;0&#8243; header_font_size_tablet=&#8220;54px&#8220; header_font_size_phone=&#8220;34px&#8220; header_font_size_last_edited=&#8220;on|phone&#8220; global_colors_info=&#8220;{}&#8220; custom_padding_last_edited=&#8220;on|tablet&#8220; custom_padding_tablet=&#8220;||30px||false|false&#8220; sticky_enabled=&#8220;0&#8243; custom_padding_phone=&#8220;||30px||false|false&#8220;]<\/p>\n<p><strong>Slovensk\u00e9 parkety, s.r.o.<\/strong><br \/>Kolpa\u0161sk\u00e1 1<br \/>969 01 Bansk\u00e1 \u0160tiavnica<br \/>Slowakei<\/p>\n<p><strong>UID: <\/strong>31 636 713<br \/><strong>Steuernummer:<\/strong> <span>2020478284<\/span><br \/><strong>UID-Mehrwertsteuer: <\/strong> <span>SK2020478284<\/span><\/p>\n<p>[\/et_pb_text][\/et_pb_column][et_pb_column type=&#8220;1_2&#8243; _builder_version=&#8220;4.22.2&#8243; _module_preset=&#8220;default&#8220; background_color=&#8220;#b4926b&#8220; custom_padding=&#8220;40px|20px|40px|20px|true|true&#8220; border_width_all=&#8220;12px&#8220; border_color_all=&#8220;rgba(0,0,0,0)&#8220; box_shadow_style=&#8220;preset7&#8243; box_shadow_horizontal=&#8220;0px&#8220; box_shadow_vertical=&#8220;0px&#8220; box_shadow_spread=&#8220;2px&#8220; box_shadow_color=&#8220;#ffffff&#8220; global_colors_info=&#8220;{}&#8220;][et_pb_text _builder_version=&#8220;4.22.2&#8243; text_font=&#8220;|700|||||||&#8220; text_text_color=&#8220;#b4926b&#8220; text_font_size=&#8220;20px&#8220; text_line_height=&#8220;1.4em&#8220; link_text_color=&#8220;#b4926b&#8220; header_6_font=&#8220;|600||on|||||&#8220; header_6_letter_spacing=&#8220;2px&#8220; header_6_line_height=&#8220;1.2em&#8220; text_orientation=&#8220;center&#8220; background_layout=&#8220;dark&#8220; custom_margin=&#8220;12px|||||&#8220; text_font_size_tablet=&#8220;18px&#8220; text_font_size_phone=&#8220;16px&#8220; text_font_size_last_edited=&#8220;on|phone&#8220; locked=&#8220;off&#8220; global_colors_info=&#8220;{}&#8220;]<\/p>\n<h6>E-MAIL<\/h6>\n<p><span style=\"color: #ffffff;\">info@slovenskeparkety.sk<\/span><br \/><span style=\"color: #ffffff;\">ivanicova@slovenskeparkety.sk<\/span><\/p>\n<p>[\/et_pb_text][et_pb_text _builder_version=&#8220;4.22.1&#8243; header_6_font=&#8220;|600||on|||||&#8220; header_6_letter_spacing=&#8220;2px&#8220; header_6_line_height=&#8220;1.2em&#8220; text_orientation=&#8220;center&#8220; background_layout=&#8220;dark&#8220; custom_margin=&#8220;34px||-8px||false|false&#8220; custom_margin_tablet=&#8220;&#8220; custom_margin_phone=&#8220;30px||||false|false&#8220; custom_margin_last_edited=&#8220;on|phone&#8220; header_6_font_last_edited=&#8220;off|desktop&#8220; header_6_font_size_tablet=&#8220;14px&#8220; header_6_font_size_last_edited=&#8220;off|phone&#8220; locked=&#8220;off&#8220; global_colors_info=&#8220;{}&#8220;]<\/p>\n<h6>SOZIALE NETZWERKE<\/h6>\n<p>[\/et_pb_text][et_pb_social_media_follow icon_color=&#8220;#FFFFFF&#8220; use_icon_font_size=&#8220;on&#8220; icon_font_size=&#8220;23px&#8220; _builder_version=&#8220;4.22.2&#8243; _module_preset=&#8220;default&#8220; text_orientation=&#8220;center&#8220; custom_margin=&#8220;5px||24px||false|false&#8220; custom_margin_tablet=&#8220;-20px||||false|false&#8220; custom_margin_phone=&#8220;&#8220; custom_margin_last_edited=&#8220;on|phone&#8220; locked=&#8220;off&#8220; global_colors_info=&#8220;{}&#8220;][et_pb_social_media_follow_network social_network=&#8220;facebook&#8220; _builder_version=&#8220;4.16&#8243; _module_preset=&#8220;default&#8220; global_colors_info=&#8220;{}&#8220; follow_button=&#8220;off&#8220; url_new_window=&#8220;on&#8220;]facebook[\/et_pb_social_media_follow_network][\/et_pb_social_media_follow][et_pb_text _builder_version=&#8220;4.22.2&#8243; text_font=&#8220;|700|||||||&#8220; text_text_color=&#8220;#FFFFFF&#8220; text_font_size=&#8220;20px&#8220; text_line_height=&#8220;1.4em&#8220; link_text_color=&#8220;#b4926b&#8220; header_6_font=&#8220;|600||on|||||&#8220; header_6_letter_spacing=&#8220;2px&#8220; header_6_line_height=&#8220;1.2em&#8220; text_orientation=&#8220;center&#8220; background_layout=&#8220;dark&#8220; custom_margin=&#8220;12px|||||&#8220; text_font_size_tablet=&#8220;18px&#8220; text_font_size_phone=&#8220;16px&#8220; text_font_size_last_edited=&#8220;on|phone&#8220; locked=&#8220;off&#8220; global_colors_info=&#8220;{}&#8220;]<\/p>\n<h6>\u00d6FFNUNGSZEITEN<br \/>F\u00dcR DIE \u00d6FFENTLICHKEIT UND DEN PARKETTVERKAUF<\/h6>\n<p>MONTAG &#8211; FREITAG <br \/>8:00 Uhr &#8211; 14:30 Uhr<\/p>\n<p>[\/et_pb_text][\/et_pb_column][\/et_pb_row][\/et_pb_section][et_pb_section fb_built=&#8220;1&#8243; admin_label=&#8220;Contact Form&#8220; _builder_version=&#8220;4.24.0&#8243; _module_preset=&#8220;default&#8220; background_color=&#8220;rgba(240,239,238,0.3)&#8220; background_image=&#8220;https:\/\/www.slovenskeparkety.sk\/wp-content\/uploads\/2024\/01\/realtor-024.png&#8220; custom_margin=&#8220;2px|||||&#8220; hover_enabled=&#8220;0&#8243; global_colors_info=&#8220;{}&#8220; sticky_enabled=&#8220;0&#8243; custom_padding=&#8220;50px|||||&#8220;][et_pb_row _builder_version=&#8220;4.16&#8243; _module_preset=&#8220;default&#8220; max_width=&#8220;700px&#8220; global_colors_info=&#8220;{}&#8220;][et_pb_column type=&#8220;4_4&#8243; _builder_version=&#8220;4.16&#8243; _module_preset=&#8220;default&#8220; global_colors_info=&#8220;{}&#8220;][et_pb_text _builder_version=&#8220;4.24.0&#8243; _module_preset=&#8220;default&#8220; text_font_size=&#8220;16px&#8220; text_line_height=&#8220;2.2em&#8220; header_font_size=&#8220;29px&#8220; header_2_font=&#8220;Merriweather|300|||||||&#8220; header_2_text_color=&#8220;#000000&#8243; header_2_font_size=&#8220;41px&#8220; header_2_line_height=&#8220;1.4em&#8220; text_orientation=&#8220;center&#8220; hover_enabled=&#8220;0&#8243; header_2_font_size_tablet=&#8220;34px&#8220; header_2_font_size_phone=&#8220;34px&#8220; header_2_font_size_last_edited=&#8220;on|phone&#8220; locked=&#8220;off&#8220; global_colors_info=&#8220;{}&#8220; sticky_enabled=&#8220;0&#8243;]<\/p>\n<h2>Unser Team<\/h2>\n<p>[\/et_pb_text][\/et_pb_column][\/et_pb_row][et_pb_row column_structure=&#8220;1_4,1_4,1_4,1_4&#8243; _builder_version=&#8220;4.22.1&#8243; _module_preset=&#8220;default&#8220; global_colors_info=&#8220;{}&#8220;][et_pb_column type=&#8220;1_4&#8243; _builder_version=&#8220;4.22.1&#8243; _module_preset=&#8220;default&#8220; global_colors_info=&#8220;{}&#8220;][et_pb_image src=&#8220;https:\/\/www.slovenskeparkety.sk\/wp-content\/uploads\/2024\/01\/p.-Konatel-nove-\u2013-kopia2.jpg&#8220; title_text=&#8220;p. Konate\u013e nov\u00e9 \u2013 k\u00f3pia2&#8243; align=&#8220;center&#8220; _builder_version=&#8220;4.22.2&#8243; _module_preset=&#8220;default&#8220; width=&#8220;80%&#8220; border_radii=&#8220;on|100%|100%|100%|100%&#8220; border_width_all=&#8220;1px&#8220; global_colors_info=&#8220;{}&#8220;][\/et_pb_image][et_pb_blurb title=&#8220;Ing. Miroslav Ben\u010durik&#8220; image_icon_background_color=&#8220;rgba(255,255,255,0)&#8220; image_icon_width=&#8220;51px&#8220; _builder_version=&#8220;4.24.0&#8243; _module_preset=&#8220;default&#8220; header_font=&#8220;|600|||||||&#8220; header_text_align=&#8220;center&#8220; header_font_size=&#8220;20px&#8220; body_text_align=&#8220;center&#8220; global_colors_info=&#8220;{}&#8220;]<\/p>\n<p><strong>Gesch\u00e4ftsf\u00fchrer<\/strong><br \/><strong>Telefon: <\/strong> 0905 702 065<\/p>\n<p>[\/et_pb_blurb][\/et_pb_column][et_pb_column type=&#8220;1_4&#8243; _builder_version=&#8220;4.22.1&#8243; _module_preset=&#8220;default&#8220; global_colors_info=&#8220;{}&#8220;][et_pb_image src=&#8220;https:\/\/www.slovenskeparkety.sk\/wp-content\/uploads\/2024\/01\/20231120_150121-kopia.jpg&#8220; title_text=&#8220;20231120_150121 &#8211; k\u00f3pia&#8220; align=&#8220;center&#8220; _builder_version=&#8220;4.22.2&#8243; _module_preset=&#8220;default&#8220; width=&#8220;80%&#8220; border_radii=&#8220;on|100%|100%|100%|100%&#8220; border_width_all=&#8220;1px&#8220; global_colors_info=&#8220;{}&#8220;][\/et_pb_image][et_pb_blurb title=&#8220;M\u00e1ria Debn\u00e1rov\u00e1&#8220; image_icon_background_color=&#8220;rgba(255,255,255,0)&#8220; image_icon_width=&#8220;51px&#8220; _builder_version=&#8220;4.22.2&#8243; _module_preset=&#8220;default&#8220; header_font=&#8220;|600|||||||&#8220; header_text_align=&#8220;center&#8220; header_font_size=&#8220;20px&#8220; body_text_align=&#8220;center&#8220; global_colors_info=&#8220;{}&#8220;]<\/p>\n<p><strong>Assistentin des Gesch\u00e4ftsf\u00fchrers<\/strong><br \/><strong>Telefon: <\/strong> 0903 520 488<\/p>\n<p>[\/et_pb_blurb][\/et_pb_column][et_pb_column type=&#8220;1_4&#8243; _builder_version=&#8220;4.22.1&#8243; _module_preset=&#8220;default&#8220; global_colors_info=&#8220;{}&#8220;][et_pb_image src=&#8220;https:\/\/www.slovenskeparkety.sk\/wp-content\/uploads\/2024\/01\/p.-Ivanicova-2.png&#8220; title_text=&#8220;p.-Ivanicova-2&#8243; align=&#8220;center&#8220; _builder_version=&#8220;4.22.2&#8243; _module_preset=&#8220;default&#8220; width=&#8220;80%&#8220; border_radii=&#8220;on|100%|100%|100%|100%&#8220; border_width_all=&#8220;1px&#8220; global_colors_info=&#8220;{}&#8220;][\/et_pb_image][et_pb_blurb title=&#8220;Ren\u00e1ta Ivani\u010dov\u00e1&#8220; image_icon_background_color=&#8220;rgba(255,255,255,0)&#8220; image_icon_width=&#8220;51px&#8220; _builder_version=&#8220;4.22.2&#8243; _module_preset=&#8220;default&#8220; header_font=&#8220;|600|||||||&#8220; header_text_align=&#8220;center&#8220; header_font_size=&#8220;20px&#8220; body_text_align=&#8220;center&#8220; global_colors_info=&#8220;{}&#8220;]<\/p>\n<p><strong>Buchhaltung, Lohnabrechnung<\/strong><br \/><strong>Telefon: <\/strong> 0915 297 607<\/p>\n<p>[\/et_pb_blurb][\/et_pb_column][et_pb_column type=&#8220;1_4&#8243; _builder_version=&#8220;4.22.1&#8243; _module_preset=&#8220;default&#8220; global_colors_info=&#8220;{}&#8220;][et_pb_image src=&#8220;https:\/\/www.slovenskeparkety.sk\/wp-content\/uploads\/2024\/01\/Majster-1.png&#8220; title_text=&#8220;Majster-1&#8243; align=&#8220;center&#8220; _builder_version=&#8220;4.22.2&#8243; _module_preset=&#8220;default&#8220; width=&#8220;80%&#8220; border_radii=&#8220;on|100%|100%|100%|100%&#8220; border_width_all=&#8220;1px&#8220; global_colors_info=&#8220;{}&#8220;][\/et_pb_image][et_pb_blurb title=&#8220;Jozef Gibala&#8220; image_icon_background_color=&#8220;rgba(255,255,255,0)&#8220; image_icon_width=&#8220;51px&#8220; _builder_version=&#8220;4.22.2&#8243; _module_preset=&#8220;default&#8220; header_font=&#8220;|600|||||||&#8220; header_text_align=&#8220;center&#8220; header_font_size=&#8220;20px&#8220; body_text_align=&#8220;center&#8220; global_colors_info=&#8220;{}&#8220;]<\/p>\n<p><strong>Produktionsmeister<\/strong><br \/><strong>Telefon: <\/strong> 0904 368 390<\/p>\n<p>[\/et_pb_blurb][\/et_pb_column][\/et_pb_row][et_pb_row _builder_version=&#8220;4.22.1&#8243; _module_preset=&#8220;default&#8220; custom_margin=&#8220;65px|auto||auto||&#8220; global_colors_info=&#8220;{}&#8220;][et_pb_column type=&#8220;4_4&#8243; _builder_version=&#8220;4.22.1&#8243; _module_preset=&#8220;default&#8220; global_colors_info=&#8220;{}&#8220;][et_pb_text _builder_version=&#8220;4.24.0&#8243; _module_preset=&#8220;default&#8220; text_font_size=&#8220;20px&#8220; text_line_height=&#8220;2.2em&#8220; header_font_size=&#8220;29px&#8220; header_2_font=&#8220;Merriweather|300|||||||&#8220; header_2_text_color=&#8220;#000000&#8243; header_2_font_size=&#8220;41px&#8220; header_2_line_height=&#8220;1.4em&#8220; text_orientation=&#8220;center&#8220; header_2_font_size_tablet=&#8220;34px&#8220; header_2_font_size_phone=&#8220;22px&#8220; header_2_font_size_last_edited=&#8220;on|phone&#8220; locked=&#8220;off&#8220; global_colors_info=&#8220;{}&#8220;]<\/p>\n<h2>Wo k\u00f6nnen Sie uns finden?<\/h2>\n<p><strong>GPS-Koordinaten:<\/strong> 48.45032, 18.91121<\/p>\n<p>[\/et_pb_text][et_pb_code _builder_version=&#8220;4.24.0&#8243; _module_preset=&#8220;default&#8220; global_colors_info=&#8220;{}&#8220;]<\/p>\n<div style=\"width: 100%\"><iframe loading=\"lazy\" width=\"100%\" height=\"350\" frameborder=\"0\" scrolling=\"no\" marginheight=\"0\" marginwidth=\"0\" src=\"https:\/\/maps.google.com\/maps?width=100%25&amp;height=600&amp;hl=en&amp;q=SLovensk%C3%A9%20parkety%20s.r.o.+(My%20Business%20Name)&amp;t=&amp;z=14&amp;ie=UTF8&amp;iwloc=B&amp;output=embed\"><a href=\"https:\/\/www.maps.ie\/population\/\">Calculate population in area<\/a><\/iframe><\/div>\n<p>[\/et_pb_code][\/et_pb_column][\/et_pb_row][\/et_pb_section]<\/p>\n","protected":false},"excerpt":{"rendered":"<p>F\u00dcR ALLE FRAGEN KontaktSlovensk\u00e9 parkety, s.r.o.Kolpa\u0161sk\u00e1 1969 01 Bansk\u00e1 \u0160tiavnicaSlowakei UID: 31 636 713Steuernummer: 2020478284UID-Mehrwertsteuer: SK2020478284E-MAIL info@slovenskeparkety.skivanicova@slovenskeparkety.skSOZIALE NETZWERKE\u00d6FFNUNGSZEITENF\u00dcR DIE \u00d6FFENTLICHKEIT UND DEN PARKETTVERKAUF MONTAG &#8211; FREITAG 8:00 Uhr &#8211; 14:30 UhrUnser TeamGesch\u00e4ftsf\u00fchrerTelefon: 0905 702 065Assistentin des Gesch\u00e4ftsf\u00fchrersTelefon: 0903 520 488Buchhaltung, LohnabrechnungTelefon: 0915 297 607ProduktionsmeisterTelefon: 0904 368 390Wo k\u00f6nnen Sie uns finden? GPS-Koordinaten: 48.45032, 18.91121<\/p>\n","protected":false},"author":1,"featured_media":653,"parent":0,"menu_order":0,"comment_status":"closed","ping_status":"closed","template":"","meta":{"_et_pb_use_builder":"on","_et_pb_old_content":"","_et_gb_content_width":"","footnotes":""},"class_list":["post-706","page","type-page","status-publish","has-post-thumbnail","hentry"],"yoast_head":"<!-- This site is optimized with the Yoast SEO plugin v27.5 - https:\/\/yoast.com\/product\/yoast-seo-wordpress\/ -->\n<title>Kontakt - Telefon, E-Mail und Karte<\/title>\n<meta name=\"description\" content=\"Kontaktinformationen f\u00fcr die Mitarbeiter unseres Unternehmens und eine \u00fcbersichtliche Karte zu unserem Firmensitz bei Slovensk\u00e9 parkety s.r.o.\" \/>\n<meta name=\"robots\" content=\"index, follow, max-snippet:-1, max-image-preview:large, max-video-preview:-1\" \/>\n<link rel=\"canonical\" href=\"https:\/\/www.slovenskeparkety.sk\/de\/kontakt\/\" \/>\n<meta property=\"og:locale\" content=\"de_DE\" \/>\n<meta property=\"og:type\" content=\"article\" \/>\n<meta property=\"og:title\" content=\"Kontakt - Telefon, E-Mail und Karte\" \/>\n<meta property=\"og:description\" content=\"Kontaktinformationen f\u00fcr die Mitarbeiter unseres Unternehmens und eine \u00fcbersichtliche Karte zu unserem Firmensitz bei Slovensk\u00e9 parkety s.r.o.\" \/>\n<meta property=\"og:url\" content=\"https:\/\/www.slovenskeparkety.sk\/de\/kontakt\/\" \/>\n<meta property=\"og:site_name\" content=\"Slovensk\u00e9 parkety, s.r.o.\" \/>\n<meta property=\"article:modified_time\" content=\"2024-06-14T22:32:21+00:00\" \/>\n<meta property=\"og:image\" content=\"https:\/\/www.slovenskeparkety.sk\/wp-content\/uploads\/2024\/01\/5-2.png\" \/>\n\t<meta property=\"og:image:width\" content=\"997\" \/>\n\t<meta property=\"og:image:height\" content=\"497\" \/>\n\t<meta property=\"og:image:type\" content=\"image\/png\" \/>\n<meta name=\"twitter:card\" content=\"summary_large_image\" \/>\n<meta name=\"twitter:label1\" content=\"Gesch\u00e4tzte Lesezeit\" \/>\n\t<meta name=\"twitter:data1\" content=\"7\u00a0Minuten\" \/>\n<script type=\"application\/ld+json\" class=\"yoast-schema-graph\">{\"@context\":\"https:\\\/\\\/schema.org\",\"@graph\":[{\"@type\":\"WebPage\",\"@id\":\"https:\\\/\\\/www.slovenskeparkety.sk\\\/de\\\/kontakt\\\/\",\"url\":\"https:\\\/\\\/www.slovenskeparkety.sk\\\/de\\\/kontakt\\\/\",\"name\":\"Kontakt - Telefon, E-Mail und Karte\",\"isPartOf\":{\"@id\":\"https:\\\/\\\/www.slovenskeparkety.sk\\\/de\\\/#website\"},\"primaryImageOfPage\":{\"@id\":\"https:\\\/\\\/www.slovenskeparkety.sk\\\/de\\\/kontakt\\\/#primaryimage\"},\"image\":{\"@id\":\"https:\\\/\\\/www.slovenskeparkety.sk\\\/de\\\/kontakt\\\/#primaryimage\"},\"thumbnailUrl\":\"https:\\\/\\\/www.slovenskeparkety.sk\\\/wp-content\\\/uploads\\\/2024\\\/01\\\/5-2.png\",\"datePublished\":\"2024-01-31T08:30:29+00:00\",\"dateModified\":\"2024-06-14T22:32:21+00:00\",\"description\":\"Kontaktinformationen f\u00fcr die Mitarbeiter unseres Unternehmens und eine \u00fcbersichtliche Karte zu unserem Firmensitz bei Slovensk\u00e9 parkety s.r.o.\",\"breadcrumb\":{\"@id\":\"https:\\\/\\\/www.slovenskeparkety.sk\\\/de\\\/kontakt\\\/#breadcrumb\"},\"inLanguage\":\"de\",\"potentialAction\":[{\"@type\":\"ReadAction\",\"target\":[\"https:\\\/\\\/www.slovenskeparkety.sk\\\/de\\\/kontakt\\\/\"]}]},{\"@type\":\"ImageObject\",\"inLanguage\":\"de\",\"@id\":\"https:\\\/\\\/www.slovenskeparkety.sk\\\/de\\\/kontakt\\\/#primaryimage\",\"url\":\"https:\\\/\\\/www.slovenskeparkety.sk\\\/wp-content\\\/uploads\\\/2024\\\/01\\\/5-2.png\",\"contentUrl\":\"https:\\\/\\\/www.slovenskeparkety.sk\\\/wp-content\\\/uploads\\\/2024\\\/01\\\/5-2.png\",\"width\":997,\"height\":497},{\"@type\":\"BreadcrumbList\",\"@id\":\"https:\\\/\\\/www.slovenskeparkety.sk\\\/de\\\/kontakt\\\/#breadcrumb\",\"itemListElement\":[{\"@type\":\"ListItem\",\"position\":1,\"name\":\"Domovsk\u00e1 str\u00e1nka\",\"item\":\"https:\\\/\\\/www.slovenskeparkety.sk\\\/de\\\/startseite\\\/\"},{\"@type\":\"ListItem\",\"position\":2,\"name\":\"Kontakt\"}]},{\"@type\":\"WebSite\",\"@id\":\"https:\\\/\\\/www.slovenskeparkety.sk\\\/de\\\/#website\",\"url\":\"https:\\\/\\\/www.slovenskeparkety.sk\\\/de\\\/\",\"name\":\"Slovensk\u00e9 parkety, s.r.o.\",\"description\":\"V\u00fdroba a predaj dreven\u00fdch parkiet\",\"potentialAction\":[{\"@type\":\"SearchAction\",\"target\":{\"@type\":\"EntryPoint\",\"urlTemplate\":\"https:\\\/\\\/www.slovenskeparkety.sk\\\/de\\\/?s={search_term_string}\"},\"query-input\":{\"@type\":\"PropertyValueSpecification\",\"valueRequired\":true,\"valueName\":\"search_term_string\"}}],\"inLanguage\":\"de\"}]}<\/script>\n<!-- \/ Yoast SEO plugin. -->","yoast_head_json":{"title":"Kontakt - Telefon, E-Mail und Karte","description":"Kontaktinformationen f\u00fcr die Mitarbeiter unseres Unternehmens und eine \u00fcbersichtliche Karte zu unserem Firmensitz bei Slovensk\u00e9 parkety s.r.o.","robots":{"index":"index","follow":"follow","max-snippet":"max-snippet:-1","max-image-preview":"max-image-preview:large","max-video-preview":"max-video-preview:-1"},"canonical":"https:\/\/www.slovenskeparkety.sk\/de\/kontakt\/","og_locale":"de_DE","og_type":"article","og_title":"Kontakt - Telefon, E-Mail und Karte","og_description":"Kontaktinformationen f\u00fcr die Mitarbeiter unseres Unternehmens und eine \u00fcbersichtliche Karte zu unserem Firmensitz bei Slovensk\u00e9 parkety s.r.o.","og_url":"https:\/\/www.slovenskeparkety.sk\/de\/kontakt\/","og_site_name":"Slovensk\u00e9 parkety, s.r.o.","article_modified_time":"2024-06-14T22:32:21+00:00","og_image":[{"width":997,"height":497,"url":"https:\/\/www.slovenskeparkety.sk\/wp-content\/uploads\/2024\/01\/5-2.png","type":"image\/png"}],"twitter_card":"summary_large_image","twitter_misc":{"Gesch\u00e4tzte Lesezeit":"7\u00a0Minuten"},"schema":{"@context":"https:\/\/schema.org","@graph":[{"@type":"WebPage","@id":"https:\/\/www.slovenskeparkety.sk\/de\/kontakt\/","url":"https:\/\/www.slovenskeparkety.sk\/de\/kontakt\/","name":"Kontakt - Telefon, E-Mail und Karte","isPartOf":{"@id":"https:\/\/www.slovenskeparkety.sk\/de\/#website"},"primaryImageOfPage":{"@id":"https:\/\/www.slovenskeparkety.sk\/de\/kontakt\/#primaryimage"},"image":{"@id":"https:\/\/www.slovenskeparkety.sk\/de\/kontakt\/#primaryimage"},"thumbnailUrl":"https:\/\/www.slovenskeparkety.sk\/wp-content\/uploads\/2024\/01\/5-2.png","datePublished":"2024-01-31T08:30:29+00:00","dateModified":"2024-06-14T22:32:21+00:00","description":"Kontaktinformationen f\u00fcr die Mitarbeiter unseres Unternehmens und eine \u00fcbersichtliche Karte zu unserem Firmensitz bei Slovensk\u00e9 parkety s.r.o.","breadcrumb":{"@id":"https:\/\/www.slovenskeparkety.sk\/de\/kontakt\/#breadcrumb"},"inLanguage":"de","potentialAction":[{"@type":"ReadAction","target":["https:\/\/www.slovenskeparkety.sk\/de\/kontakt\/"]}]},{"@type":"ImageObject","inLanguage":"de","@id":"https:\/\/www.slovenskeparkety.sk\/de\/kontakt\/#primaryimage","url":"https:\/\/www.slovenskeparkety.sk\/wp-content\/uploads\/2024\/01\/5-2.png","contentUrl":"https:\/\/www.slovenskeparkety.sk\/wp-content\/uploads\/2024\/01\/5-2.png","width":997,"height":497},{"@type":"BreadcrumbList","@id":"https:\/\/www.slovenskeparkety.sk\/de\/kontakt\/#breadcrumb","itemListElement":[{"@type":"ListItem","position":1,"name":"Domovsk\u00e1 str\u00e1nka","item":"https:\/\/www.slovenskeparkety.sk\/de\/startseite\/"},{"@type":"ListItem","position":2,"name":"Kontakt"}]},{"@type":"WebSite","@id":"https:\/\/www.slovenskeparkety.sk\/de\/#website","url":"https:\/\/www.slovenskeparkety.sk\/de\/","name":"Slovensk\u00e9 parkety, s.r.o.","description":"V\u00fdroba a predaj dreven\u00fdch parkiet","potentialAction":[{"@type":"SearchAction","target":{"@type":"EntryPoint","urlTemplate":"https:\/\/www.slovenskeparkety.sk\/de\/?s={search_term_string}"},"query-input":{"@type":"PropertyValueSpecification","valueRequired":true,"valueName":"search_term_string"}}],"inLanguage":"de"}]}},"_links":{"self":[{"href":"https:\/\/www.slovenskeparkety.sk\/de\/wp-json\/wp\/v2\/pages\/706","targetHints":{"allow":["GET"]}}],"collection":[{"href":"https:\/\/www.slovenskeparkety.sk\/de\/wp-json\/wp\/v2\/pages"}],"about":[{"href":"https:\/\/www.slovenskeparkety.sk\/de\/wp-json\/wp\/v2\/types\/page"}],"author":[{"embeddable":true,"href":"https:\/\/www.slovenskeparkety.sk\/de\/wp-json\/wp\/v2\/users\/1"}],"replies":[{"embeddable":true,"href":"https:\/\/www.slovenskeparkety.sk\/de\/wp-json\/wp\/v2\/comments?post=706"}],"version-history":[{"count":8,"href":"https:\/\/www.slovenskeparkety.sk\/de\/wp-json\/wp\/v2\/pages\/706\/revisions"}],"predecessor-version":[{"id":920,"href":"https:\/\/www.slovenskeparkety.sk\/de\/wp-json\/wp\/v2\/pages\/706\/revisions\/920"}],"wp:featuredmedia":[{"embeddable":true,"href":"https:\/\/www.slovenskeparkety.sk\/de\/wp-json\/wp\/v2\/media\/653"}],"wp:attachment":[{"href":"https:\/\/www.slovenskeparkety.sk\/de\/wp-json\/wp\/v2\/media?parent=706"}],"curies":[{"name":"wp","href":"https:\/\/api.w.org\/{rel}","templated":true}]}}