{"id":715,"date":"2024-01-31T09:29:36","date_gmt":"2024-01-31T08:29:36","guid":{"rendered":"https:\/\/www.slovenskeparkety.sk\/faq\/"},"modified":"2024-06-15T00:29:25","modified_gmt":"2024-06-14T22:29:25","slug":"faq","status":"publish","type":"page","link":"https:\/\/www.slovenskeparkety.sk\/de\/faq\/","title":{"rendered":"FAQ"},"content":{"rendered":"<p>[et_pb_section fb_built=&#8220;1&#8243; custom_padding_last_edited=&#8220;on|phone&#8220; admin_label=&#8220;Header&#8220; _builder_version=&#8220;4.22.2&#8243; _module_preset=&#8220;default&#8220; background_color=&#8220;#6e6e6e&#8220; background_enable_image=&#8220;off&#8220; custom_margin=&#8220;||1px||false|false&#8220; custom_margin_tablet=&#8220;||0px||false|false&#8220; custom_margin_phone=&#8220;&#8220; custom_margin_last_edited=&#8220;on|phone&#8220; custom_padding=&#8220;0px||37px||false|false&#8220; custom_padding_tablet=&#8220;||0px||false|false&#8220; custom_padding_phone=&#8220;&#8220; locked=&#8220;off&#8220; global_colors_info=&#8220;{}&#8220;][et_pb_row make_equal=&#8220;on&#8220; _builder_version=&#8220;4.22.1&#8243; _module_preset=&#8220;default&#8220; custom_padding=&#8220;0px||||false|false&#8220; global_colors_info=&#8220;{}&#8220;][et_pb_column type=&#8220;4_4&#8243; _builder_version=&#8220;4.22.1&#8243; _module_preset=&#8220;default&#8220; custom_padding=&#8220;100px||||false|false&#8220; custom_padding_tablet=&#8220;&#8220; custom_padding_phone=&#8220;&#8220; custom_padding_last_edited=&#8220;on|desktop&#8220; global_colors_info=&#8220;{}&#8220;][et_pb_text _builder_version=&#8220;4.22.1&#8243; _module_preset=&#8220;default&#8220; header_text_color=&#8220;#FFFFFF&#8220; header_2_font=&#8220;Merriweather|300|||||||&#8220; header_2_text_color=&#8220;#FFFFFF&#8220; header_2_font_size=&#8220;47px&#8220; header_2_line_height=&#8220;1.4em&#8220; header_3_font=&#8220;|700||on|||||&#8220; header_3_text_color=&#8220;#FFFFFF&#8220; header_3_font_size=&#8220;14px&#8220; header_3_letter_spacing=&#8220;4px&#8220; header_3_line_height=&#8220;1.4em&#8220; header_2_font_size_tablet=&#8220;44px&#8220; header_2_font_size_phone=&#8220;28px&#8220; header_2_font_size_last_edited=&#8220;on|phone&#8220; locked=&#8220;off&#8220; global_colors_info=&#8220;{}&#8220;]<\/p>\n<h3>FAQ<\/h3>\n<h2><strong>H\u00e4ufig gestellte<\/strong> <span style=\"color: #b4926b;\"><strong>Fragen<\/strong><\/span><\/h2>\n<p>[\/et_pb_text][\/et_pb_column][\/et_pb_row][\/et_pb_section][et_pb_section fb_built=&#8220;1&#8243; specialty=&#8220;on&#8220; _builder_version=&#8220;4.22.1&#8243; _module_preset=&#8220;default&#8220; global_colors_info=&#8220;{}&#8220;][et_pb_column type=&#8220;2_3&#8243; specialty_columns=&#8220;2&#8243; _builder_version=&#8220;4.16&#8243; custom_padding=&#8220;|||&#8220; global_colors_info=&#8220;{}&#8220; custom_padding__hover=&#8220;|||&#8220;][et_pb_row_inner custom_padding_last_edited=&#8220;on|phone&#8220; _builder_version=&#8220;4.16&#8243; _module_preset=&#8220;default&#8220; custom_padding_tablet=&#8220;|10%|||false|false&#8220; custom_padding_phone=&#8220;&#8220; global_colors_info=&#8220;{}&#8220;][et_pb_column_inner saved_specialty_column_type=&#8220;2_3&#8243; _builder_version=&#8220;4.16&#8243; _module_preset=&#8220;default&#8220; global_colors_info=&#8220;{}&#8220;][et_pb_blurb title=&#8220;Verkaufen Sie auch Parkett an Privatpersonen?&#8220; use_icon=&#8220;on&#8220; font_icon=&#8220;&#x4b;||divi||400&#8243; icon_color=&#8220;#b4926b&#8220; icon_placement=&#8220;left&#8220; image_icon_width=&#8220;26px&#8220; content_max_width=&#8220;100%&#8220; _builder_version=&#8220;4.24.0&#8243; _module_preset=&#8220;default&#8220; header_font=&#8220;Merriweather||||||||&#8220; header_font_size=&#8220;20px&#8220; header_line_height=&#8220;1.2em&#8220; body_font_size=&#8220;16px&#8220; body_line_height=&#8220;1.8em&#8220; animation=&#8220;off&#8220; hover_enabled=&#8220;0&#8243; header_font_size_tablet=&#8220;18px&#8220; header_font_size_phone=&#8220;18px&#8220; header_font_size_last_edited=&#8220;on|phone&#8220; body_font_size_tablet=&#8220;14px&#8220; body_font_size_phone=&#8220;16px&#8220; body_font_size_last_edited=&#8220;on|phone&#8220; icon_font_size=&#8220;26px&#8220; locked=&#8220;off&#8220; global_colors_info=&#8220;{}&#8220; sticky_enabled=&#8220;0&#8243;]<\/p>\n<p>Ja, wir verkaufen auch an Privatpersonen. Sie k\u00f6nnen sich an die Assistentin des Gesch\u00e4ftsf\u00fchrers, Frau M\u00e1ria Debn\u00e1rov\u00e1, wenden (Telefonnummer: <span>0903 520 488).<\/span><\/p>\n<p>[\/et_pb_blurb][et_pb_blurb title=&#8220;Wie hoch ist der Preis f\u00fcr Parkett?&#8220; use_icon=&#8220;on&#8220; font_icon=&#8220;&#x4b;||divi||400&#8243; icon_color=&#8220;#b4926b&#8220; icon_placement=&#8220;left&#8220; image_icon_width=&#8220;26px&#8220; content_max_width=&#8220;100%&#8220; _builder_version=&#8220;4.24.0&#8243; _module_preset=&#8220;default&#8220; header_font=&#8220;Merriweather||||||||&#8220; header_font_size=&#8220;20px&#8220; header_line_height=&#8220;1.2em&#8220; body_font_size=&#8220;16px&#8220; body_line_height=&#8220;1.8em&#8220; animation=&#8220;off&#8220; hover_enabled=&#8220;0&#8243; header_font_size_tablet=&#8220;18px&#8220; header_font_size_phone=&#8220;18px&#8220; header_font_size_last_edited=&#8220;on|phone&#8220; body_font_size_tablet=&#8220;14px&#8220; body_font_size_phone=&#8220;16px&#8220; body_font_size_last_edited=&#8220;on|phone&#8220; icon_font_size=&#8220;26px&#8220; locked=&#8220;off&#8220; global_colors_info=&#8220;{}&#8220; sticky_enabled=&#8220;0&#8243;]<\/p>\n<p>Den Preis f\u00fcr Parkett teilen wir Ihnen gerne basierend auf der von Ihnen ausgew\u00e4hlten Parkettklasse und der bestellten Menge mit.<\/p>\n<p>[\/et_pb_blurb][et_pb_blurb title=&#8220;Welche Zahlungs- und Liefermethoden bieten Sie an?&#8220; use_icon=&#8220;on&#8220; font_icon=&#8220;&#x4b;||divi||400&#8243; icon_color=&#8220;#b4926b&#8220; icon_placement=&#8220;left&#8220; image_icon_width=&#8220;26px&#8220; content_max_width=&#8220;100%&#8220; _builder_version=&#8220;4.24.0&#8243; _module_preset=&#8220;default&#8220; header_font=&#8220;Merriweather||||||||&#8220; header_font_size=&#8220;20px&#8220; header_line_height=&#8220;1.2em&#8220; body_font_size=&#8220;16px&#8220; body_line_height=&#8220;1.8em&#8220; animation=&#8220;off&#8220; hover_enabled=&#8220;0&#8243; header_font_size_tablet=&#8220;18px&#8220; header_font_size_phone=&#8220;18px&#8220; header_font_size_last_edited=&#8220;on|phone&#8220; body_font_size_tablet=&#8220;14px&#8220; body_font_size_phone=&#8220;16px&#8220; body_font_size_last_edited=&#8220;on|phone&#8220; icon_font_size=&#8220;26px&#8220; locked=&#8220;off&#8220; global_colors_info=&#8220;{}&#8220; sticky_enabled=&#8220;0&#8243;]<\/p>\n<p>Die Zahlungs- und Liefermethode wird individuell vereinbart.<\/p>\n<p>[\/et_pb_blurb][et_pb_blurb title=&#8220;Bieten Sie auch Dienstleistungen wie die Verlegung von Parkett an?&#8220; use_icon=&#8220;on&#8220; font_icon=&#8220;&#x4b;||divi||400&#8243; icon_color=&#8220;#b4926b&#8220; icon_placement=&#8220;left&#8220; image_icon_width=&#8220;26px&#8220; content_max_width=&#8220;100%&#8220; _builder_version=&#8220;4.24.0&#8243; _module_preset=&#8220;default&#8220; header_font=&#8220;Merriweather||||||||&#8220; header_font_size=&#8220;20px&#8220; header_line_height=&#8220;1.2em&#8220; body_font_size=&#8220;16px&#8220; body_line_height=&#8220;1.8em&#8220; animation=&#8220;off&#8220; hover_enabled=&#8220;0&#8243; header_font_size_tablet=&#8220;18px&#8220; header_font_size_phone=&#8220;18px&#8220; header_font_size_last_edited=&#8220;on|phone&#8220; body_font_size_tablet=&#8220;14px&#8220; body_font_size_phone=&#8220;16px&#8220; body_font_size_last_edited=&#8220;on|phone&#8220; icon_font_size=&#8220;26px&#8220; locked=&#8220;off&#8220; global_colors_info=&#8220;{}&#8220; sticky_enabled=&#8220;0&#8243;]<\/p>\n<p>Nein. Wir sind Hersteller von Mosaikparkett und klassischem Stabparkett. Die Abholung, Verlegung von Parkett und damit verbundene Angelegenheiten m\u00fcssen individuell geregelt werden.<\/p>\n<p>[\/et_pb_blurb][\/et_pb_column_inner][\/et_pb_row_inner][\/et_pb_column][et_pb_column type=&#8220;1_3&#8243; _builder_version=&#8220;4.16&#8243; custom_padding=&#8220;|||&#8220; global_colors_info=&#8220;{}&#8220; custom_padding__hover=&#8220;|||&#8220;][et_pb_image src=&#8220;https:\/\/www.slovenskeparkety.sk\/wp-content\/uploads\/2024\/01\/parquetflooring.jpg&#8220; title_text=&#8220;parquet+flooring&#8220; _builder_version=&#8220;4.22.1&#8243; _module_preset=&#8220;default&#8220; global_colors_info=&#8220;{}&#8220;][\/et_pb_image][\/et_pb_column][\/et_pb_section]<\/p>\n","protected":false},"excerpt":{"rendered":"<p>FAQ H\u00e4ufig gestellte FragenJa, wir verkaufen auch an Privatpersonen. Sie k\u00f6nnen sich an die Assistentin des Gesch\u00e4ftsf\u00fchrers, Frau M\u00e1ria Debn\u00e1rov\u00e1, wenden (Telefonnummer: 0903 520 488).Den Preis f\u00fcr Parkett teilen wir Ihnen gerne basierend auf der von Ihnen ausgew\u00e4hlten Parkettklasse und der bestellten Menge mit.Die Zahlungs- und Liefermethode wird individuell vereinbart.Nein. Wir sind Hersteller von Mosaikparkett [&hellip;]<\/p>\n","protected":false},"author":1,"featured_media":653,"parent":0,"menu_order":0,"comment_status":"closed","ping_status":"closed","template":"","meta":{"_et_pb_use_builder":"on","_et_pb_old_content":"","_et_gb_content_width":"","footnotes":""},"class_list":["post-715","page","type-page","status-publish","has-post-thumbnail","hentry"],"yoast_head":"<!-- This site is optimized with the Yoast SEO plugin v27.4 - https:\/\/yoast.com\/product\/yoast-seo-wordpress\/ -->\n<title>Die h\u00e4ufigsten Fragen<\/title>\n<meta name=\"description\" content=\"Fragen, die Sie uns am h\u00e4ufigsten im Zusammenhang mit uns und unserem Unternehmen zur Herstellung von Mosaik- und klassischem Stabparkett stellen.\" \/>\n<meta name=\"robots\" content=\"index, follow, max-snippet:-1, max-image-preview:large, max-video-preview:-1\" \/>\n<link rel=\"canonical\" href=\"https:\/\/www.slovenskeparkety.sk\/de\/faq\/\" \/>\n<meta property=\"og:locale\" content=\"de_DE\" \/>\n<meta property=\"og:type\" content=\"article\" \/>\n<meta property=\"og:title\" content=\"Die h\u00e4ufigsten Fragen\" \/>\n<meta property=\"og:description\" content=\"Fragen, die Sie uns am h\u00e4ufigsten im Zusammenhang mit uns und unserem Unternehmen zur Herstellung von Mosaik- und klassischem Stabparkett stellen.\" \/>\n<meta property=\"og:url\" content=\"https:\/\/www.slovenskeparkety.sk\/de\/faq\/\" \/>\n<meta property=\"og:site_name\" content=\"Slovensk\u00e9 parkety, s.r.o.\" \/>\n<meta property=\"article:modified_time\" content=\"2024-06-14T22:29:25+00:00\" \/>\n<meta property=\"og:image\" content=\"https:\/\/www.slovenskeparkety.sk\/wp-content\/uploads\/2024\/01\/5-2.png\" \/>\n\t<meta property=\"og:image:width\" content=\"997\" \/>\n\t<meta property=\"og:image:height\" content=\"497\" \/>\n\t<meta property=\"og:image:type\" content=\"image\/png\" \/>\n<meta name=\"twitter:card\" content=\"summary_large_image\" \/>\n<meta name=\"twitter:label1\" content=\"Gesch\u00e4tzte Lesezeit\" \/>\n\t<meta name=\"twitter:data1\" content=\"4\u00a0Minuten\" \/>\n<script type=\"application\/ld+json\" class=\"yoast-schema-graph\">{\"@context\":\"https:\\\/\\\/schema.org\",\"@graph\":[{\"@type\":\"WebPage\",\"@id\":\"https:\\\/\\\/www.slovenskeparkety.sk\\\/de\\\/faq\\\/\",\"url\":\"https:\\\/\\\/www.slovenskeparkety.sk\\\/de\\\/faq\\\/\",\"name\":\"Die h\u00e4ufigsten Fragen\",\"isPartOf\":{\"@id\":\"https:\\\/\\\/www.slovenskeparkety.sk\\\/de\\\/#website\"},\"primaryImageOfPage\":{\"@id\":\"https:\\\/\\\/www.slovenskeparkety.sk\\\/de\\\/faq\\\/#primaryimage\"},\"image\":{\"@id\":\"https:\\\/\\\/www.slovenskeparkety.sk\\\/de\\\/faq\\\/#primaryimage\"},\"thumbnailUrl\":\"https:\\\/\\\/www.slovenskeparkety.sk\\\/wp-content\\\/uploads\\\/2024\\\/01\\\/5-2.png\",\"datePublished\":\"2024-01-31T08:29:36+00:00\",\"dateModified\":\"2024-06-14T22:29:25+00:00\",\"description\":\"Fragen, die Sie uns am h\u00e4ufigsten im Zusammenhang mit uns und unserem Unternehmen zur Herstellung von Mosaik- und klassischem Stabparkett stellen.\",\"breadcrumb\":{\"@id\":\"https:\\\/\\\/www.slovenskeparkety.sk\\\/de\\\/faq\\\/#breadcrumb\"},\"inLanguage\":\"de\",\"potentialAction\":[{\"@type\":\"ReadAction\",\"target\":[\"https:\\\/\\\/www.slovenskeparkety.sk\\\/de\\\/faq\\\/\"]}]},{\"@type\":\"ImageObject\",\"inLanguage\":\"de\",\"@id\":\"https:\\\/\\\/www.slovenskeparkety.sk\\\/de\\\/faq\\\/#primaryimage\",\"url\":\"https:\\\/\\\/www.slovenskeparkety.sk\\\/wp-content\\\/uploads\\\/2024\\\/01\\\/5-2.png\",\"contentUrl\":\"https:\\\/\\\/www.slovenskeparkety.sk\\\/wp-content\\\/uploads\\\/2024\\\/01\\\/5-2.png\",\"width\":997,\"height\":497},{\"@type\":\"BreadcrumbList\",\"@id\":\"https:\\\/\\\/www.slovenskeparkety.sk\\\/de\\\/faq\\\/#breadcrumb\",\"itemListElement\":[{\"@type\":\"ListItem\",\"position\":1,\"name\":\"Domovsk\u00e1 str\u00e1nka\",\"item\":\"https:\\\/\\\/www.slovenskeparkety.sk\\\/de\\\/startseite\\\/\"},{\"@type\":\"ListItem\",\"position\":2,\"name\":\"FAQ\"}]},{\"@type\":\"WebSite\",\"@id\":\"https:\\\/\\\/www.slovenskeparkety.sk\\\/de\\\/#website\",\"url\":\"https:\\\/\\\/www.slovenskeparkety.sk\\\/de\\\/\",\"name\":\"Slovensk\u00e9 parkety, s.r.o.\",\"description\":\"V\u00fdroba a predaj dreven\u00fdch parkiet\",\"potentialAction\":[{\"@type\":\"SearchAction\",\"target\":{\"@type\":\"EntryPoint\",\"urlTemplate\":\"https:\\\/\\\/www.slovenskeparkety.sk\\\/de\\\/?s={search_term_string}\"},\"query-input\":{\"@type\":\"PropertyValueSpecification\",\"valueRequired\":true,\"valueName\":\"search_term_string\"}}],\"inLanguage\":\"de\"}]}<\/script>\n<!-- \/ Yoast SEO plugin. -->","yoast_head_json":{"title":"Die h\u00e4ufigsten Fragen","description":"Fragen, die Sie uns am h\u00e4ufigsten im Zusammenhang mit uns und unserem Unternehmen zur Herstellung von Mosaik- und klassischem Stabparkett stellen.","robots":{"index":"index","follow":"follow","max-snippet":"max-snippet:-1","max-image-preview":"max-image-preview:large","max-video-preview":"max-video-preview:-1"},"canonical":"https:\/\/www.slovenskeparkety.sk\/de\/faq\/","og_locale":"de_DE","og_type":"article","og_title":"Die h\u00e4ufigsten Fragen","og_description":"Fragen, die Sie uns am h\u00e4ufigsten im Zusammenhang mit uns und unserem Unternehmen zur Herstellung von Mosaik- und klassischem Stabparkett stellen.","og_url":"https:\/\/www.slovenskeparkety.sk\/de\/faq\/","og_site_name":"Slovensk\u00e9 parkety, s.r.o.","article_modified_time":"2024-06-14T22:29:25+00:00","og_image":[{"width":997,"height":497,"url":"https:\/\/www.slovenskeparkety.sk\/wp-content\/uploads\/2024\/01\/5-2.png","type":"image\/png"}],"twitter_card":"summary_large_image","twitter_misc":{"Gesch\u00e4tzte Lesezeit":"4\u00a0Minuten"},"schema":{"@context":"https:\/\/schema.org","@graph":[{"@type":"WebPage","@id":"https:\/\/www.slovenskeparkety.sk\/de\/faq\/","url":"https:\/\/www.slovenskeparkety.sk\/de\/faq\/","name":"Die h\u00e4ufigsten Fragen","isPartOf":{"@id":"https:\/\/www.slovenskeparkety.sk\/de\/#website"},"primaryImageOfPage":{"@id":"https:\/\/www.slovenskeparkety.sk\/de\/faq\/#primaryimage"},"image":{"@id":"https:\/\/www.slovenskeparkety.sk\/de\/faq\/#primaryimage"},"thumbnailUrl":"https:\/\/www.slovenskeparkety.sk\/wp-content\/uploads\/2024\/01\/5-2.png","datePublished":"2024-01-31T08:29:36+00:00","dateModified":"2024-06-14T22:29:25+00:00","description":"Fragen, die Sie uns am h\u00e4ufigsten im Zusammenhang mit uns und unserem Unternehmen zur Herstellung von Mosaik- und klassischem Stabparkett stellen.","breadcrumb":{"@id":"https:\/\/www.slovenskeparkety.sk\/de\/faq\/#breadcrumb"},"inLanguage":"de","potentialAction":[{"@type":"ReadAction","target":["https:\/\/www.slovenskeparkety.sk\/de\/faq\/"]}]},{"@type":"ImageObject","inLanguage":"de","@id":"https:\/\/www.slovenskeparkety.sk\/de\/faq\/#primaryimage","url":"https:\/\/www.slovenskeparkety.sk\/wp-content\/uploads\/2024\/01\/5-2.png","contentUrl":"https:\/\/www.slovenskeparkety.sk\/wp-content\/uploads\/2024\/01\/5-2.png","width":997,"height":497},{"@type":"BreadcrumbList","@id":"https:\/\/www.slovenskeparkety.sk\/de\/faq\/#breadcrumb","itemListElement":[{"@type":"ListItem","position":1,"name":"Domovsk\u00e1 str\u00e1nka","item":"https:\/\/www.slovenskeparkety.sk\/de\/startseite\/"},{"@type":"ListItem","position":2,"name":"FAQ"}]},{"@type":"WebSite","@id":"https:\/\/www.slovenskeparkety.sk\/de\/#website","url":"https:\/\/www.slovenskeparkety.sk\/de\/","name":"Slovensk\u00e9 parkety, s.r.o.","description":"V\u00fdroba a predaj dreven\u00fdch parkiet","potentialAction":[{"@type":"SearchAction","target":{"@type":"EntryPoint","urlTemplate":"https:\/\/www.slovenskeparkety.sk\/de\/?s={search_term_string}"},"query-input":{"@type":"PropertyValueSpecification","valueRequired":true,"valueName":"search_term_string"}}],"inLanguage":"de"}]}},"_links":{"self":[{"href":"https:\/\/www.slovenskeparkety.sk\/de\/wp-json\/wp\/v2\/pages\/715","targetHints":{"allow":["GET"]}}],"collection":[{"href":"https:\/\/www.slovenskeparkety.sk\/de\/wp-json\/wp\/v2\/pages"}],"about":[{"href":"https:\/\/www.slovenskeparkety.sk\/de\/wp-json\/wp\/v2\/types\/page"}],"author":[{"embeddable":true,"href":"https:\/\/www.slovenskeparkety.sk\/de\/wp-json\/wp\/v2\/users\/1"}],"replies":[{"embeddable":true,"href":"https:\/\/www.slovenskeparkety.sk\/de\/wp-json\/wp\/v2\/comments?post=715"}],"version-history":[{"count":5,"href":"https:\/\/www.slovenskeparkety.sk\/de\/wp-json\/wp\/v2\/pages\/715\/revisions"}],"predecessor-version":[{"id":914,"href":"https:\/\/www.slovenskeparkety.sk\/de\/wp-json\/wp\/v2\/pages\/715\/revisions\/914"}],"wp:featuredmedia":[{"embeddable":true,"href":"https:\/\/www.slovenskeparkety.sk\/de\/wp-json\/wp\/v2\/media\/653"}],"wp:attachment":[{"href":"https:\/\/www.slovenskeparkety.sk\/de\/wp-json\/wp\/v2\/media?parent=715"}],"curies":[{"name":"wp","href":"https:\/\/api.w.org\/{rel}","templated":true}]}}