{"id":688,"date":"2024-01-31T09:29:36","date_gmt":"2024-01-31T08:29:36","guid":{"rendered":"https:\/\/www.slovenskeparkety.sk\/frequently-asked-questions\/"},"modified":"2024-06-15T00:08:29","modified_gmt":"2024-06-14T22:08:29","slug":"frequently-asked-questions","status":"publish","type":"page","link":"https:\/\/www.slovenskeparkety.sk\/en\/frequently-asked-questions\/","title":{"rendered":"FAQ"},"content":{"rendered":"<p>[et_pb_section fb_built=&#8221;1&#8243; custom_padding_last_edited=&#8221;on|phone&#8221; admin_label=&#8221;Header&#8221; _builder_version=&#8221;4.22.2&#8243; _module_preset=&#8221;default&#8221; background_color=&#8221;#6e6e6e&#8221; background_enable_image=&#8221;off&#8221; custom_margin=&#8221;||1px||false|false&#8221; custom_margin_tablet=&#8221;||0px||false|false&#8221; custom_margin_phone=&#8221;&#8221; custom_margin_last_edited=&#8221;on|phone&#8221; custom_padding=&#8221;0px||37px||false|false&#8221; custom_padding_tablet=&#8221;||0px||false|false&#8221; custom_padding_phone=&#8221;&#8221; locked=&#8221;off&#8221; global_colors_info=&#8221;{}&#8221;][et_pb_row make_equal=&#8221;on&#8221; _builder_version=&#8221;4.22.1&#8243; _module_preset=&#8221;default&#8221; custom_padding=&#8221;0px||||false|false&#8221; global_colors_info=&#8221;{}&#8221;][et_pb_column type=&#8221;4_4&#8243; _builder_version=&#8221;4.22.1&#8243; _module_preset=&#8221;default&#8221; custom_padding=&#8221;100px||||false|false&#8221; custom_padding_tablet=&#8221;&#8221; custom_padding_phone=&#8221;&#8221; custom_padding_last_edited=&#8221;on|desktop&#8221; global_colors_info=&#8221;{}&#8221;][et_pb_text _builder_version=&#8221;4.22.1&#8243; _module_preset=&#8221;default&#8221; header_text_color=&#8221;#FFFFFF&#8221; header_2_font=&#8221;Merriweather|300|||||||&#8221; header_2_text_color=&#8221;#FFFFFF&#8221; header_2_font_size=&#8221;47px&#8221; header_2_line_height=&#8221;1.4em&#8221; header_3_font=&#8221;|700||on|||||&#8221; header_3_text_color=&#8221;#FFFFFF&#8221; header_3_font_size=&#8221;14px&#8221; header_3_letter_spacing=&#8221;4px&#8221; header_3_line_height=&#8221;1.4em&#8221; header_2_font_size_tablet=&#8221;44px&#8221; header_2_font_size_phone=&#8221;28px&#8221; header_2_font_size_last_edited=&#8221;on|phone&#8221; locked=&#8221;off&#8221; global_colors_info=&#8221;{}&#8221;]<\/p>\n<h3>FAQ<\/h3>\n<h2><strong>The most frequently<\/strong> <span style=\"color: #b4926b;\"><strong>asked questions <\/strong><\/span><\/h2>\n<p>[\/et_pb_text][\/et_pb_column][\/et_pb_row][\/et_pb_section][et_pb_section fb_built=&#8221;1&#8243; specialty=&#8221;on&#8221; _builder_version=&#8221;4.22.1&#8243; _module_preset=&#8221;default&#8221; global_colors_info=&#8221;{}&#8221;][et_pb_column type=&#8221;2_3&#8243; specialty_columns=&#8221;2&#8243; _builder_version=&#8221;4.16&#8243; custom_padding=&#8221;|||&#8221; global_colors_info=&#8221;{}&#8221; custom_padding__hover=&#8221;|||&#8221;][et_pb_row_inner custom_padding_last_edited=&#8221;on|phone&#8221; _builder_version=&#8221;4.16&#8243; _module_preset=&#8221;default&#8221; custom_padding_tablet=&#8221;|10%|||false|false&#8221; custom_padding_phone=&#8221;&#8221; global_colors_info=&#8221;{}&#8221;][et_pb_column_inner saved_specialty_column_type=&#8221;2_3&#8243; _builder_version=&#8221;4.16&#8243; _module_preset=&#8221;default&#8221; global_colors_info=&#8221;{}&#8221;][et_pb_blurb title=&#8221;Do you sell parquet to individuals?&#8221; use_icon=&#8221;on&#8221; font_icon=&#8221;&#x4b;||divi||400&#8243; icon_color=&#8221;#b4926b&#8221; icon_placement=&#8221;left&#8221; image_icon_width=&#8221;26px&#8221; content_max_width=&#8221;100%&#8221; _builder_version=&#8221;4.24.0&#8243; _module_preset=&#8221;default&#8221; header_font=&#8221;Merriweather||||||||&#8221; header_font_size=&#8221;20px&#8221; header_line_height=&#8221;1.2em&#8221; body_font_size=&#8221;16px&#8221; body_line_height=&#8221;1.8em&#8221; animation=&#8221;off&#8221; hover_enabled=&#8221;0&#8243; header_font_size_tablet=&#8221;18px&#8221; header_font_size_phone=&#8221;18px&#8221; header_font_size_last_edited=&#8221;on|phone&#8221; body_font_size_tablet=&#8221;14px&#8221; body_font_size_phone=&#8221;16px&#8221; body_font_size_last_edited=&#8221;on|phone&#8221; icon_font_size=&#8221;26px&#8221; locked=&#8221;off&#8221; global_colors_info=&#8221;{}&#8221; sticky_enabled=&#8221;0&#8243;]<\/p>\n<p>Yes, we also sell to individuals. You can contact the assistant to the managing director, Ms. M\u00e1ria Debn\u00e1rov\u00e1 (phone number: <span>0903 520 488). <\/span><\/p>\n<p>[\/et_pb_blurb][et_pb_blurb title=&#8221;What is the price of parquet flooring?&#8221; use_icon=&#8221;on&#8221; font_icon=&#8221;&#x4b;||divi||400&#8243; icon_color=&#8221;#b4926b&#8221; icon_placement=&#8221;left&#8221; image_icon_width=&#8221;26px&#8221; content_max_width=&#8221;100%&#8221; _builder_version=&#8221;4.24.0&#8243; _module_preset=&#8221;default&#8221; header_font=&#8221;Merriweather||||||||&#8221; header_font_size=&#8221;20px&#8221; header_line_height=&#8221;1.2em&#8221; body_font_size=&#8221;16px&#8221; body_line_height=&#8221;1.8em&#8221; animation=&#8221;off&#8221; hover_enabled=&#8221;0&#8243; header_font_size_tablet=&#8221;18px&#8221; header_font_size_phone=&#8221;18px&#8221; header_font_size_last_edited=&#8221;on|phone&#8221; body_font_size_tablet=&#8221;14px&#8221; body_font_size_phone=&#8221;16px&#8221; body_font_size_last_edited=&#8221;on|phone&#8221; icon_font_size=&#8221;26px&#8221; locked=&#8221;off&#8221; global_colors_info=&#8221;{}&#8221; sticky_enabled=&#8221;0&#8243;]<\/p>\n<p>We will gladly provide you with the price based on the class of parquet flooring you choose and the quantity ordered.<\/p>\n<p>[\/et_pb_blurb][et_pb_blurb title=&#8221;What are the payment and delivery methods?&#8221; use_icon=&#8221;on&#8221; font_icon=&#8221;&#x4b;||divi||400&#8243; icon_color=&#8221;#b4926b&#8221; icon_placement=&#8221;left&#8221; image_icon_width=&#8221;26px&#8221; content_max_width=&#8221;100%&#8221; _builder_version=&#8221;4.24.0&#8243; _module_preset=&#8221;default&#8221; header_font=&#8221;Merriweather||||||||&#8221; header_font_size=&#8221;20px&#8221; header_line_height=&#8221;1.2em&#8221; body_font_size=&#8221;16px&#8221; body_line_height=&#8221;1.8em&#8221; animation=&#8221;off&#8221; hover_enabled=&#8221;0&#8243; header_font_size_tablet=&#8221;18px&#8221; header_font_size_phone=&#8221;18px&#8221; header_font_size_last_edited=&#8221;on|phone&#8221; body_font_size_tablet=&#8221;14px&#8221; body_font_size_phone=&#8221;16px&#8221; body_font_size_last_edited=&#8221;on|phone&#8221; icon_font_size=&#8221;26px&#8221; locked=&#8221;off&#8221; global_colors_info=&#8221;{}&#8221; sticky_enabled=&#8221;0&#8243;]<\/p>\n<p>The method of payment and delivery is subject to individual agreement.<\/p>\n<p>[\/et_pb_blurb][et_pb_blurb title=&#8221;Do you also provide services such as parquet flooring installation?&#8221; use_icon=&#8221;on&#8221; font_icon=&#8221;&#x4b;||divi||400&#8243; icon_color=&#8221;#b4926b&#8221; icon_placement=&#8221;left&#8221; image_icon_width=&#8221;26px&#8221; content_max_width=&#8221;100%&#8221; _builder_version=&#8221;4.24.0&#8243; _module_preset=&#8221;default&#8221; header_font=&#8221;Merriweather||||||||&#8221; header_font_size=&#8221;20px&#8221; header_line_height=&#8221;1.2em&#8221; body_font_size=&#8221;16px&#8221; body_line_height=&#8221;1.8em&#8221; animation=&#8221;off&#8221; hover_enabled=&#8221;0&#8243; header_font_size_tablet=&#8221;18px&#8221; header_font_size_phone=&#8221;18px&#8221; header_font_size_last_edited=&#8221;on|phone&#8221; body_font_size_tablet=&#8221;14px&#8221; body_font_size_phone=&#8221;16px&#8221; body_font_size_last_edited=&#8221;on|phone&#8221; icon_font_size=&#8221;26px&#8221; locked=&#8221;off&#8221; global_colors_info=&#8221;{}&#8221; sticky_enabled=&#8221;0&#8243;]<\/p>\n<p>No. We are manufacturers of mosaic parquet and classic parquet flooring. Transportation, parquet laying, and related matters need to be arranged individually.<\/p>\n<p>[\/et_pb_blurb][\/et_pb_column_inner][\/et_pb_row_inner][\/et_pb_column][et_pb_column type=&#8221;1_3&#8243; _builder_version=&#8221;4.16&#8243; custom_padding=&#8221;|||&#8221; global_colors_info=&#8221;{}&#8221; custom_padding__hover=&#8221;|||&#8221;][et_pb_image src=&#8221;https:\/\/www.slovenskeparkety.sk\/wp-content\/uploads\/2024\/01\/parquetflooring.jpg&#8221; title_text=&#8221;parquet+flooring&#8221; _builder_version=&#8221;4.22.1&#8243; _module_preset=&#8221;default&#8221; global_colors_info=&#8221;{}&#8221;][\/et_pb_image][\/et_pb_column][\/et_pb_section]<\/p>\n","protected":false},"excerpt":{"rendered":"<p>FAQ The most frequently asked questions Yes, we also sell to individuals. You can contact the assistant to the managing director, Ms. M\u00e1ria Debn\u00e1rov\u00e1 (phone number: 0903 520 488). We will gladly provide you with the price based on the class of parquet flooring you choose and the quantity ordered.The method of payment and delivery [&hellip;]<\/p>\n","protected":false},"author":1,"featured_media":652,"parent":0,"menu_order":0,"comment_status":"closed","ping_status":"closed","template":"","meta":{"_et_pb_use_builder":"on","_et_pb_old_content":"","_et_gb_content_width":"","footnotes":""},"class_list":["post-688","page","type-page","status-publish","has-post-thumbnail","hentry"],"yoast_head":"<!-- This site is optimized with the Yoast SEO plugin v27.4 - https:\/\/yoast.com\/product\/yoast-seo-wordpress\/ -->\n<title>Frequently asked questions<\/title>\n<meta name=\"description\" content=\"Frequently asked questions about us and our company for the production of mosaic and classic wooden parquet flooring.\" \/>\n<meta name=\"robots\" content=\"index, follow, max-snippet:-1, max-image-preview:large, max-video-preview:-1\" \/>\n<link rel=\"canonical\" href=\"https:\/\/www.slovenskeparkety.sk\/en\/frequently-asked-questions\/\" \/>\n<meta property=\"og:locale\" content=\"en_US\" \/>\n<meta property=\"og:type\" content=\"article\" \/>\n<meta property=\"og:title\" content=\"Frequently asked questions\" \/>\n<meta property=\"og:description\" content=\"Frequently asked questions about us and our company for the production of mosaic and classic wooden parquet flooring.\" \/>\n<meta property=\"og:url\" content=\"https:\/\/www.slovenskeparkety.sk\/en\/frequently-asked-questions\/\" \/>\n<meta property=\"og:site_name\" content=\"Slovensk\u00e9 parkety, s.r.o.\" \/>\n<meta property=\"article:modified_time\" content=\"2024-06-14T22:08:29+00:00\" \/>\n<meta property=\"og:image\" content=\"https:\/\/www.slovenskeparkety.sk\/wp-content\/uploads\/2024\/01\/5-2.png\" \/>\n\t<meta property=\"og:image:width\" content=\"997\" \/>\n\t<meta property=\"og:image:height\" content=\"497\" \/>\n\t<meta property=\"og:image:type\" content=\"image\/png\" \/>\n<meta name=\"twitter:card\" content=\"summary_large_image\" \/>\n<meta name=\"twitter:label1\" content=\"Est. reading time\" \/>\n\t<meta name=\"twitter:data1\" content=\"4 minutes\" \/>\n<script type=\"application\/ld+json\" class=\"yoast-schema-graph\">{\"@context\":\"https:\\\/\\\/schema.org\",\"@graph\":[{\"@type\":\"WebPage\",\"@id\":\"https:\\\/\\\/www.slovenskeparkety.sk\\\/en\\\/frequently-asked-questions\\\/\",\"url\":\"https:\\\/\\\/www.slovenskeparkety.sk\\\/en\\\/frequently-asked-questions\\\/\",\"name\":\"Frequently asked questions\",\"isPartOf\":{\"@id\":\"https:\\\/\\\/www.slovenskeparkety.sk\\\/en\\\/#website\"},\"primaryImageOfPage\":{\"@id\":\"https:\\\/\\\/www.slovenskeparkety.sk\\\/en\\\/frequently-asked-questions\\\/#primaryimage\"},\"image\":{\"@id\":\"https:\\\/\\\/www.slovenskeparkety.sk\\\/en\\\/frequently-asked-questions\\\/#primaryimage\"},\"thumbnailUrl\":\"https:\\\/\\\/www.slovenskeparkety.sk\\\/wp-content\\\/uploads\\\/2024\\\/01\\\/5-2.png\",\"datePublished\":\"2024-01-31T08:29:36+00:00\",\"dateModified\":\"2024-06-14T22:08:29+00:00\",\"description\":\"Frequently asked questions about us and our company for the production of mosaic and classic wooden parquet flooring.\",\"breadcrumb\":{\"@id\":\"https:\\\/\\\/www.slovenskeparkety.sk\\\/en\\\/frequently-asked-questions\\\/#breadcrumb\"},\"inLanguage\":\"en-US\",\"potentialAction\":[{\"@type\":\"ReadAction\",\"target\":[\"https:\\\/\\\/www.slovenskeparkety.sk\\\/en\\\/frequently-asked-questions\\\/\"]}]},{\"@type\":\"ImageObject\",\"inLanguage\":\"en-US\",\"@id\":\"https:\\\/\\\/www.slovenskeparkety.sk\\\/en\\\/frequently-asked-questions\\\/#primaryimage\",\"url\":\"https:\\\/\\\/www.slovenskeparkety.sk\\\/wp-content\\\/uploads\\\/2024\\\/01\\\/5-2.png\",\"contentUrl\":\"https:\\\/\\\/www.slovenskeparkety.sk\\\/wp-content\\\/uploads\\\/2024\\\/01\\\/5-2.png\",\"width\":997,\"height\":497},{\"@type\":\"BreadcrumbList\",\"@id\":\"https:\\\/\\\/www.slovenskeparkety.sk\\\/en\\\/frequently-asked-questions\\\/#breadcrumb\",\"itemListElement\":[{\"@type\":\"ListItem\",\"position\":1,\"name\":\"Domovsk\u00e1 str\u00e1nka\",\"item\":\"https:\\\/\\\/www.slovenskeparkety.sk\\\/en\\\/home\\\/\"},{\"@type\":\"ListItem\",\"position\":2,\"name\":\"FAQ\"}]},{\"@type\":\"WebSite\",\"@id\":\"https:\\\/\\\/www.slovenskeparkety.sk\\\/en\\\/#website\",\"url\":\"https:\\\/\\\/www.slovenskeparkety.sk\\\/en\\\/\",\"name\":\"Slovensk\u00e9 parkety, s.r.o.\",\"description\":\"V\u00fdroba a predaj dreven\u00fdch parkiet\",\"potentialAction\":[{\"@type\":\"SearchAction\",\"target\":{\"@type\":\"EntryPoint\",\"urlTemplate\":\"https:\\\/\\\/www.slovenskeparkety.sk\\\/en\\\/?s={search_term_string}\"},\"query-input\":{\"@type\":\"PropertyValueSpecification\",\"valueRequired\":true,\"valueName\":\"search_term_string\"}}],\"inLanguage\":\"en-US\"}]}<\/script>\n<!-- \/ Yoast SEO plugin. -->","yoast_head_json":{"title":"Frequently asked questions","description":"Frequently asked questions about us and our company for the production of mosaic and classic wooden parquet flooring.","robots":{"index":"index","follow":"follow","max-snippet":"max-snippet:-1","max-image-preview":"max-image-preview:large","max-video-preview":"max-video-preview:-1"},"canonical":"https:\/\/www.slovenskeparkety.sk\/en\/frequently-asked-questions\/","og_locale":"en_US","og_type":"article","og_title":"Frequently asked questions","og_description":"Frequently asked questions about us and our company for the production of mosaic and classic wooden parquet flooring.","og_url":"https:\/\/www.slovenskeparkety.sk\/en\/frequently-asked-questions\/","og_site_name":"Slovensk\u00e9 parkety, s.r.o.","article_modified_time":"2024-06-14T22:08:29+00:00","og_image":[{"width":997,"height":497,"url":"https:\/\/www.slovenskeparkety.sk\/wp-content\/uploads\/2024\/01\/5-2.png","type":"image\/png"}],"twitter_card":"summary_large_image","twitter_misc":{"Est. reading time":"4 minutes"},"schema":{"@context":"https:\/\/schema.org","@graph":[{"@type":"WebPage","@id":"https:\/\/www.slovenskeparkety.sk\/en\/frequently-asked-questions\/","url":"https:\/\/www.slovenskeparkety.sk\/en\/frequently-asked-questions\/","name":"Frequently asked questions","isPartOf":{"@id":"https:\/\/www.slovenskeparkety.sk\/en\/#website"},"primaryImageOfPage":{"@id":"https:\/\/www.slovenskeparkety.sk\/en\/frequently-asked-questions\/#primaryimage"},"image":{"@id":"https:\/\/www.slovenskeparkety.sk\/en\/frequently-asked-questions\/#primaryimage"},"thumbnailUrl":"https:\/\/www.slovenskeparkety.sk\/wp-content\/uploads\/2024\/01\/5-2.png","datePublished":"2024-01-31T08:29:36+00:00","dateModified":"2024-06-14T22:08:29+00:00","description":"Frequently asked questions about us and our company for the production of mosaic and classic wooden parquet flooring.","breadcrumb":{"@id":"https:\/\/www.slovenskeparkety.sk\/en\/frequently-asked-questions\/#breadcrumb"},"inLanguage":"en-US","potentialAction":[{"@type":"ReadAction","target":["https:\/\/www.slovenskeparkety.sk\/en\/frequently-asked-questions\/"]}]},{"@type":"ImageObject","inLanguage":"en-US","@id":"https:\/\/www.slovenskeparkety.sk\/en\/frequently-asked-questions\/#primaryimage","url":"https:\/\/www.slovenskeparkety.sk\/wp-content\/uploads\/2024\/01\/5-2.png","contentUrl":"https:\/\/www.slovenskeparkety.sk\/wp-content\/uploads\/2024\/01\/5-2.png","width":997,"height":497},{"@type":"BreadcrumbList","@id":"https:\/\/www.slovenskeparkety.sk\/en\/frequently-asked-questions\/#breadcrumb","itemListElement":[{"@type":"ListItem","position":1,"name":"Domovsk\u00e1 str\u00e1nka","item":"https:\/\/www.slovenskeparkety.sk\/en\/home\/"},{"@type":"ListItem","position":2,"name":"FAQ"}]},{"@type":"WebSite","@id":"https:\/\/www.slovenskeparkety.sk\/en\/#website","url":"https:\/\/www.slovenskeparkety.sk\/en\/","name":"Slovensk\u00e9 parkety, s.r.o.","description":"V\u00fdroba a predaj dreven\u00fdch parkiet","potentialAction":[{"@type":"SearchAction","target":{"@type":"EntryPoint","urlTemplate":"https:\/\/www.slovenskeparkety.sk\/en\/?s={search_term_string}"},"query-input":{"@type":"PropertyValueSpecification","valueRequired":true,"valueName":"search_term_string"}}],"inLanguage":"en-US"}]}},"_links":{"self":[{"href":"https:\/\/www.slovenskeparkety.sk\/en\/wp-json\/wp\/v2\/pages\/688","targetHints":{"allow":["GET"]}}],"collection":[{"href":"https:\/\/www.slovenskeparkety.sk\/en\/wp-json\/wp\/v2\/pages"}],"about":[{"href":"https:\/\/www.slovenskeparkety.sk\/en\/wp-json\/wp\/v2\/types\/page"}],"author":[{"embeddable":true,"href":"https:\/\/www.slovenskeparkety.sk\/en\/wp-json\/wp\/v2\/users\/1"}],"replies":[{"embeddable":true,"href":"https:\/\/www.slovenskeparkety.sk\/en\/wp-json\/wp\/v2\/comments?post=688"}],"version-history":[{"count":8,"href":"https:\/\/www.slovenskeparkety.sk\/en\/wp-json\/wp\/v2\/pages\/688\/revisions"}],"predecessor-version":[{"id":885,"href":"https:\/\/www.slovenskeparkety.sk\/en\/wp-json\/wp\/v2\/pages\/688\/revisions\/885"}],"wp:featuredmedia":[{"embeddable":true,"href":"https:\/\/www.slovenskeparkety.sk\/en\/wp-json\/wp\/v2\/media\/652"}],"wp:attachment":[{"href":"https:\/\/www.slovenskeparkety.sk\/en\/wp-json\/wp\/v2\/media?parent=688"}],"curies":[{"name":"wp","href":"https:\/\/api.w.org\/{rel}","templated":true}]}}