{"id":697,"date":"2024-01-31T09:30:29","date_gmt":"2024-01-31T08:30:29","guid":{"rendered":"https:\/\/www.slovenskeparkety.sk\/contact\/"},"modified":"2024-06-15T00:07:48","modified_gmt":"2024-06-14T22:07:48","slug":"contact","status":"publish","type":"page","link":"https:\/\/www.slovenskeparkety.sk\/en\/contact\/","title":{"rendered":"Contact"},"content":{"rendered":"<p>[et_pb_section fb_built=&#8221;1&#8243; custom_padding_last_edited=&#8221;on|phone&#8221; admin_label=&#8221;Header&#8221; _builder_version=&#8221;4.24.0&#8243; _module_preset=&#8221;default&#8221; background_color=&#8221;#6e6e6e&#8221; background_enable_image=&#8221;off&#8221; min_height=&#8221;486.1px&#8221; custom_margin=&#8221;||0px||false|false&#8221; custom_padding=&#8221;91px||59px||false|false&#8221; custom_padding_tablet=&#8221;||20px||false|false&#8221; custom_padding_phone=&#8221;&#8221; hover_enabled=&#8221;0&#8243; locked=&#8221;off&#8221; global_colors_info=&#8221;{}&#8221; sticky_enabled=&#8221;0&#8243;][et_pb_row column_structure=&#8221;1_2,1_2&#8243; use_custom_gutter=&#8221;on&#8221; gutter_width=&#8221;1&#8243; make_equal=&#8221;on&#8221; _builder_version=&#8221;4.22.2&#8243; _module_preset=&#8221;default&#8221; background_enable_color=&#8221;off&#8221; custom_margin=&#8221;|auto|27px|auto||&#8221; custom_padding=&#8221;0px||0px||true|false&#8221; global_colors_info=&#8221;{}&#8221;][et_pb_column type=&#8221;1_2&#8243; _builder_version=&#8221;4.22.2&#8243; _module_preset=&#8221;default&#8221; background_enable_color=&#8221;off&#8221; custom_padding=&#8221;||||false|true&#8221; border_color_all=&#8221;rgba(145,145,145,0)&#8221; border_style_all=&#8221;none&#8221; box_shadow_style=&#8221;preset7&#8243; box_shadow_horizontal=&#8221;0px&#8221; box_shadow_vertical=&#8221;0px&#8221; box_shadow_color=&#8221;#ffffff&#8221; global_colors_info=&#8221;{}&#8221;][et_pb_text _builder_version=&#8221;4.22.1&#8243; _module_preset=&#8221;default&#8221; header_2_font=&#8221;Merriweather|300|||||||&#8221; header_2_text_color=&#8221;#FFFFFF&#8221; header_2_font_size=&#8221;47px&#8221; header_2_line_height=&#8221;1.4em&#8221; header_3_font=&#8221;|700||on|||||&#8221; header_3_text_color=&#8221;#FFFFFF&#8221; header_3_font_size=&#8221;14px&#8221; header_3_letter_spacing=&#8221;4px&#8221; header_3_line_height=&#8221;1.4em&#8221; header_2_font_size_tablet=&#8221;44px&#8221; header_2_font_size_phone=&#8221;28px&#8221; header_2_font_size_last_edited=&#8221;on|phone&#8221; locked=&#8221;off&#8221; global_colors_info=&#8221;{}&#8221;]<\/p>\n<h3>for any questions<\/h3>\n<h2><span style=\"color: #b4926b;\"><strong>Contact<\/strong><\/span><\/h2>\n<p>[\/et_pb_text][et_pb_text _builder_version=&#8221;4.24.0&#8243; _module_preset=&#8221;default&#8221; text_font_size=&#8221;18px&#8221; text_line_height=&#8221;2.2em&#8221; header_font=&#8221;Merriweather|300|||||||&#8221; header_font_size=&#8221;66px&#8221; header_line_height=&#8221;1.4em&#8221; header_3_font=&#8221;|700||on|||||&#8221; header_3_font_size=&#8221;14px&#8221; header_3_letter_spacing=&#8221;4px&#8221; header_3_line_height=&#8221;1.4em&#8221; background_layout=&#8221;dark&#8221; hover_enabled=&#8221;0&#8243; header_font_size_tablet=&#8221;54px&#8221; header_font_size_phone=&#8221;34px&#8221; header_font_size_last_edited=&#8221;on|phone&#8221; global_colors_info=&#8221;{}&#8221; custom_padding_last_edited=&#8221;on|tablet&#8221; custom_padding_tablet=&#8221;||30px||false|false&#8221; sticky_enabled=&#8221;0&#8243; custom_padding_phone=&#8221;||30px||false|false&#8221;]<\/p>\n<p><strong>Slovensk\u00e9 parkety, s.r.o.<\/strong><br \/>Kolpa\u0161sk\u00e1 1<br \/>969 01 Bansk\u00e1 \u0160tiavnica<br \/>Slovakia<\/p>\n<p><strong>Company ID: <\/strong>31 636 713<br \/><strong>Tax ID:<\/strong> <span>2020478284<\/span><br \/><strong>VAT ID:<\/strong> <span>SK2020478284<\/span><\/p>\n<p>[\/et_pb_text][\/et_pb_column][et_pb_column type=&#8221;1_2&#8243; _builder_version=&#8221;4.22.2&#8243; _module_preset=&#8221;default&#8221; background_color=&#8221;#b4926b&#8221; custom_padding=&#8221;40px|20px|40px|20px|true|true&#8221; border_width_all=&#8221;12px&#8221; border_color_all=&#8221;rgba(0,0,0,0)&#8221; box_shadow_style=&#8221;preset7&#8243; box_shadow_horizontal=&#8221;0px&#8221; box_shadow_vertical=&#8221;0px&#8221; box_shadow_spread=&#8221;2px&#8221; box_shadow_color=&#8221;#ffffff&#8221; global_colors_info=&#8221;{}&#8221;][et_pb_text _builder_version=&#8221;4.22.2&#8243; text_font=&#8221;|700|||||||&#8221; text_text_color=&#8221;#b4926b&#8221; text_font_size=&#8221;20px&#8221; text_line_height=&#8221;1.4em&#8221; link_text_color=&#8221;#b4926b&#8221; header_6_font=&#8221;|600||on|||||&#8221; header_6_letter_spacing=&#8221;2px&#8221; header_6_line_height=&#8221;1.2em&#8221; text_orientation=&#8221;center&#8221; background_layout=&#8221;dark&#8221; custom_margin=&#8221;12px|||||&#8221; text_font_size_tablet=&#8221;18px&#8221; text_font_size_phone=&#8221;16px&#8221; text_font_size_last_edited=&#8221;on|phone&#8221; locked=&#8221;off&#8221; global_colors_info=&#8221;{}&#8221;]<\/p>\n<h6>Emails<\/h6>\n<p><span style=\"color: #ffffff;\">info@slovenskeparkety.sk<\/span><br \/><span style=\"color: #ffffff;\">ivanicova@slovenskeparkety.sk<\/span><\/p>\n<p>[\/et_pb_text][et_pb_text _builder_version=&#8221;4.22.1&#8243; header_6_font=&#8221;|600||on|||||&#8221; header_6_letter_spacing=&#8221;2px&#8221; header_6_line_height=&#8221;1.2em&#8221; text_orientation=&#8221;center&#8221; background_layout=&#8221;dark&#8221; custom_margin=&#8221;34px||-8px||false|false&#8221; custom_margin_tablet=&#8221;&#8221; custom_margin_phone=&#8221;30px||||false|false&#8221; custom_margin_last_edited=&#8221;on|phone&#8221; header_6_font_last_edited=&#8221;off|desktop&#8221; header_6_font_size_tablet=&#8221;14px&#8221; header_6_font_size_last_edited=&#8221;off|phone&#8221; locked=&#8221;off&#8221; global_colors_info=&#8221;{}&#8221;]<\/p>\n<h6>Social Media<\/h6>\n<p>[\/et_pb_text][et_pb_social_media_follow icon_color=&#8221;#FFFFFF&#8221; use_icon_font_size=&#8221;on&#8221; icon_font_size=&#8221;23px&#8221; _builder_version=&#8221;4.22.2&#8243; _module_preset=&#8221;default&#8221; text_orientation=&#8221;center&#8221; custom_margin=&#8221;5px||24px||false|false&#8221; custom_margin_tablet=&#8221;-20px||||false|false&#8221; custom_margin_phone=&#8221;&#8221; custom_margin_last_edited=&#8221;on|phone&#8221; locked=&#8221;off&#8221; global_colors_info=&#8221;{}&#8221;][et_pb_social_media_follow_network social_network=&#8221;facebook&#8221; _builder_version=&#8221;4.16&#8243; _module_preset=&#8221;default&#8221; global_colors_info=&#8221;{}&#8221; follow_button=&#8221;off&#8221; url_new_window=&#8221;on&#8221;]facebook[\/et_pb_social_media_follow_network][\/et_pb_social_media_follow][et_pb_text _builder_version=&#8221;4.22.2&#8243; text_font=&#8221;|700|||||||&#8221; text_text_color=&#8221;#FFFFFF&#8221; text_font_size=&#8221;20px&#8221; text_line_height=&#8221;1.4em&#8221; link_text_color=&#8221;#b4926b&#8221; header_6_font=&#8221;|600||on|||||&#8221; header_6_letter_spacing=&#8221;2px&#8221; header_6_line_height=&#8221;1.2em&#8221; text_orientation=&#8221;center&#8221; background_layout=&#8221;dark&#8221; custom_margin=&#8221;12px|||||&#8221; text_font_size_tablet=&#8221;18px&#8221; text_font_size_phone=&#8221;16px&#8221; text_font_size_last_edited=&#8221;on|phone&#8221; locked=&#8221;off&#8221; global_colors_info=&#8221;{}&#8221;]<\/p>\n<h6>OPENING HOURS<br \/>FOR THE PUBLIC AND PARQUET FLOORING SALES<\/h6>\n<p>MONDAY &#8211; FRIDAY <br \/>8:00 AM &#8211; 2:30 PM<\/p>\n<p>[\/et_pb_text][\/et_pb_column][\/et_pb_row][\/et_pb_section][et_pb_section fb_built=&#8221;1&#8243; admin_label=&#8221;Contact Form&#8221; _builder_version=&#8221;4.24.0&#8243; _module_preset=&#8221;default&#8221; background_color=&#8221;rgba(240,239,238,0.3)&#8221; background_image=&#8221;https:\/\/www.slovenskeparkety.sk\/wp-content\/uploads\/2024\/01\/realtor-024.png&#8221; custom_margin=&#8221;2px|||||&#8221; hover_enabled=&#8221;0&#8243; global_colors_info=&#8221;{}&#8221; sticky_enabled=&#8221;0&#8243; custom_padding=&#8221;50px|||||&#8221;][et_pb_row _builder_version=&#8221;4.16&#8243; _module_preset=&#8221;default&#8221; max_width=&#8221;700px&#8221; global_colors_info=&#8221;{}&#8221;][et_pb_column type=&#8221;4_4&#8243; _builder_version=&#8221;4.16&#8243; _module_preset=&#8221;default&#8221; global_colors_info=&#8221;{}&#8221;][et_pb_text _builder_version=&#8221;4.24.0&#8243; _module_preset=&#8221;default&#8221; text_font_size=&#8221;16px&#8221; text_line_height=&#8221;2.2em&#8221; header_font_size=&#8221;29px&#8221; header_2_font=&#8221;Merriweather|300|||||||&#8221; header_2_text_color=&#8221;#000000&#8243; header_2_font_size=&#8221;41px&#8221; header_2_line_height=&#8221;1.4em&#8221; text_orientation=&#8221;center&#8221; hover_enabled=&#8221;0&#8243; header_2_font_size_tablet=&#8221;34px&#8221; header_2_font_size_phone=&#8221;34px&#8221; header_2_font_size_last_edited=&#8221;on|phone&#8221; locked=&#8221;off&#8221; global_colors_info=&#8221;{}&#8221; sticky_enabled=&#8221;0&#8243;]<\/p>\n<h2>Our team<\/h2>\n<p>[\/et_pb_text][\/et_pb_column][\/et_pb_row][et_pb_row column_structure=&#8221;1_4,1_4,1_4,1_4&#8243; _builder_version=&#8221;4.22.1&#8243; _module_preset=&#8221;default&#8221; global_colors_info=&#8221;{}&#8221;][et_pb_column type=&#8221;1_4&#8243; _builder_version=&#8221;4.22.1&#8243; _module_preset=&#8221;default&#8221; global_colors_info=&#8221;{}&#8221;][et_pb_image src=&#8221;https:\/\/www.slovenskeparkety.sk\/wp-content\/uploads\/2024\/01\/p.-Konatel-nove-\u2013-kopia2.jpg&#8221; title_text=&#8221;p. Konate\u013e nov\u00e9 \u2013 k\u00f3pia2&#8243; align=&#8221;center&#8221; _builder_version=&#8221;4.22.2&#8243; _module_preset=&#8221;default&#8221; width=&#8221;80%&#8221; border_radii=&#8221;on|100%|100%|100%|100%&#8221; border_width_all=&#8221;1px&#8221; global_colors_info=&#8221;{}&#8221;][\/et_pb_image][et_pb_blurb title=&#8221;Ing. Miroslav Ben\u010durik&#8221; image_icon_background_color=&#8221;rgba(255,255,255,0)&#8221; image_icon_width=&#8221;51px&#8221; _builder_version=&#8221;4.24.0&#8243; _module_preset=&#8221;default&#8221; header_font=&#8221;|600|||||||&#8221; header_text_align=&#8221;center&#8221; header_font_size=&#8221;20px&#8221; body_text_align=&#8221;center&#8221; global_colors_info=&#8221;{}&#8221;]<\/p>\n<p><strong>Managing Director<\/strong><br \/><strong>Phone:<\/strong> 0905 702 065<\/p>\n<p>[\/et_pb_blurb][\/et_pb_column][et_pb_column type=&#8221;1_4&#8243; _builder_version=&#8221;4.22.1&#8243; _module_preset=&#8221;default&#8221; global_colors_info=&#8221;{}&#8221;][et_pb_image src=&#8221;https:\/\/www.slovenskeparkety.sk\/wp-content\/uploads\/2024\/01\/20231120_150121-kopia.jpg&#8221; title_text=&#8221;20231120_150121 &#8211; k\u00f3pia&#8221; align=&#8221;center&#8221; _builder_version=&#8221;4.22.2&#8243; _module_preset=&#8221;default&#8221; width=&#8221;80%&#8221; border_radii=&#8221;on|100%|100%|100%|100%&#8221; border_width_all=&#8221;1px&#8221; global_colors_info=&#8221;{}&#8221;][\/et_pb_image][et_pb_blurb title=&#8221;M\u00e1ria Debn\u00e1rov\u00e1&#8221; image_icon_background_color=&#8221;rgba(255,255,255,0)&#8221; image_icon_width=&#8221;51px&#8221; _builder_version=&#8221;4.22.2&#8243; _module_preset=&#8221;default&#8221; header_font=&#8221;|600|||||||&#8221; header_text_align=&#8221;center&#8221; header_font_size=&#8221;20px&#8221; body_text_align=&#8221;center&#8221; global_colors_info=&#8221;{}&#8221;]<\/p>\n<p><strong>Assistant to the Managing Director<\/strong><br \/><strong>Phone:<\/strong> 0903 520 488<\/p>\n<p>[\/et_pb_blurb][\/et_pb_column][et_pb_column type=&#8221;1_4&#8243; _builder_version=&#8221;4.22.1&#8243; _module_preset=&#8221;default&#8221; global_colors_info=&#8221;{}&#8221;][et_pb_image src=&#8221;https:\/\/www.slovenskeparkety.sk\/wp-content\/uploads\/2024\/01\/p.-Ivanicova-2.png&#8221; title_text=&#8221;p.-Ivanicova-2&#8243; align=&#8221;center&#8221; _builder_version=&#8221;4.22.2&#8243; _module_preset=&#8221;default&#8221; width=&#8221;80%&#8221; border_radii=&#8221;on|100%|100%|100%|100%&#8221; border_width_all=&#8221;1px&#8221; global_colors_info=&#8221;{}&#8221;][\/et_pb_image][et_pb_blurb title=&#8221;Ren\u00e1ta Ivani\u010dov\u00e1&#8221; image_icon_background_color=&#8221;rgba(255,255,255,0)&#8221; image_icon_width=&#8221;51px&#8221; _builder_version=&#8221;4.22.2&#8243; _module_preset=&#8221;default&#8221; header_font=&#8221;|600|||||||&#8221; header_text_align=&#8221;center&#8221; header_font_size=&#8221;20px&#8221; body_text_align=&#8221;center&#8221; global_colors_info=&#8221;{}&#8221;]<\/p>\n<p><strong>Accounting, Payroll<\/strong><br \/><strong>Phone:<\/strong> 0915 297 607<\/p>\n<p>[\/et_pb_blurb][\/et_pb_column][et_pb_column type=&#8221;1_4&#8243; _builder_version=&#8221;4.22.1&#8243; _module_preset=&#8221;default&#8221; global_colors_info=&#8221;{}&#8221;][et_pb_image src=&#8221;https:\/\/www.slovenskeparkety.sk\/wp-content\/uploads\/2024\/01\/Majster-1.png&#8221; title_text=&#8221;Majster-1&#8243; align=&#8221;center&#8221; _builder_version=&#8221;4.22.2&#8243; _module_preset=&#8221;default&#8221; width=&#8221;80%&#8221; border_radii=&#8221;on|100%|100%|100%|100%&#8221; border_width_all=&#8221;1px&#8221; global_colors_info=&#8221;{}&#8221;][\/et_pb_image][et_pb_blurb title=&#8221;Jozef Gibala&#8221; image_icon_background_color=&#8221;rgba(255,255,255,0)&#8221; image_icon_width=&#8221;51px&#8221; _builder_version=&#8221;4.22.2&#8243; _module_preset=&#8221;default&#8221; header_font=&#8221;|600|||||||&#8221; header_text_align=&#8221;center&#8221; header_font_size=&#8221;20px&#8221; body_text_align=&#8221;center&#8221; global_colors_info=&#8221;{}&#8221;]<\/p>\n<p><strong>Production Foreman<\/strong><br \/><strong>Phone:<\/strong> 0904 368 390<\/p>\n<p>[\/et_pb_blurb][\/et_pb_column][\/et_pb_row][et_pb_row _builder_version=&#8221;4.22.1&#8243; _module_preset=&#8221;default&#8221; custom_margin=&#8221;65px|auto||auto||&#8221; global_colors_info=&#8221;{}&#8221;][et_pb_column type=&#8221;4_4&#8243; _builder_version=&#8221;4.22.1&#8243; _module_preset=&#8221;default&#8221; global_colors_info=&#8221;{}&#8221;][et_pb_text _builder_version=&#8221;4.24.0&#8243; _module_preset=&#8221;default&#8221; text_font_size=&#8221;20px&#8221; text_line_height=&#8221;2.2em&#8221; header_font_size=&#8221;29px&#8221; header_2_font=&#8221;Merriweather|300|||||||&#8221; header_2_text_color=&#8221;#000000&#8243; header_2_font_size=&#8221;41px&#8221; header_2_line_height=&#8221;1.4em&#8221; text_orientation=&#8221;center&#8221; header_2_font_size_tablet=&#8221;34px&#8221; header_2_font_size_phone=&#8221;22px&#8221; header_2_font_size_last_edited=&#8221;on|phone&#8221; locked=&#8221;off&#8221; global_colors_info=&#8221;{}&#8221;]<\/p>\n<h2>Where to find us?<\/h2>\n<p><strong>GPS coordinates:<\/strong> 48.45032, 18.91121<\/p>\n<p>[\/et_pb_text][et_pb_code _builder_version=&#8221;4.24.0&#8243; _module_preset=&#8221;default&#8221; global_colors_info=&#8221;{}&#8221;]<\/p>\n<div style=\"width: 100%\"><iframe loading=\"lazy\" width=\"100%\" height=\"350\" frameborder=\"0\" scrolling=\"no\" marginheight=\"0\" marginwidth=\"0\" src=\"https:\/\/maps.google.com\/maps?width=100%25&amp;height=600&amp;hl=en&amp;q=SLovensk%C3%A9%20parkety%20s.r.o.+(My%20Business%20Name)&amp;t=&amp;z=14&amp;ie=UTF8&amp;iwloc=B&amp;output=embed\"><a href=\"https:\/\/www.maps.ie\/population\/\">Calculate population in area<\/a><\/iframe><\/div>\n<p>[\/et_pb_code][\/et_pb_column][\/et_pb_row][\/et_pb_section]<\/p>\n","protected":false},"excerpt":{"rendered":"<p>for any questions ContactSlovensk\u00e9 parkety, s.r.o.Kolpa\u0161sk\u00e1 1969 01 Bansk\u00e1 \u0160tiavnicaSlovakia Company ID: 31 636 713Tax ID: 2020478284VAT ID: SK2020478284Emails info@slovenskeparkety.skivanicova@slovenskeparkety.skSocial MediaOPENING HOURSFOR THE PUBLIC AND PARQUET FLOORING SALES MONDAY &#8211; FRIDAY 8:00 AM &#8211; 2:30 PMOur teamManaging DirectorPhone: 0905 702 065Assistant to the Managing DirectorPhone: 0903 520 488Accounting, PayrollPhone: 0915 297 607Production ForemanPhone: 0904 368 [&hellip;]<\/p>\n","protected":false},"author":1,"featured_media":652,"parent":0,"menu_order":0,"comment_status":"closed","ping_status":"closed","template":"","meta":{"_et_pb_use_builder":"on","_et_pb_old_content":"","_et_gb_content_width":"","footnotes":""},"class_list":["post-697","page","type-page","status-publish","has-post-thumbnail","hentry"],"yoast_head":"<!-- This site is optimized with the Yoast SEO plugin v27.5 - https:\/\/yoast.com\/product\/yoast-seo-wordpress\/ -->\n<title>Contact - Phone, email, and map<\/title>\n<meta name=\"description\" content=\"Contact information of our company&#039;s employees and a clear map to our company&#039;s headquarters Slovensk\u00e9 parkety s.r.o\" \/>\n<meta name=\"robots\" content=\"index, follow, max-snippet:-1, max-image-preview:large, max-video-preview:-1\" \/>\n<link rel=\"canonical\" href=\"https:\/\/www.slovenskeparkety.sk\/en\/contact\/\" \/>\n<meta property=\"og:locale\" content=\"en_US\" \/>\n<meta property=\"og:type\" content=\"article\" \/>\n<meta property=\"og:title\" content=\"Contact - Phone, email, and map\" \/>\n<meta property=\"og:description\" content=\"Contact information of our company&#039;s employees and a clear map to our company&#039;s headquarters Slovensk\u00e9 parkety s.r.o\" \/>\n<meta property=\"og:url\" content=\"https:\/\/www.slovenskeparkety.sk\/en\/contact\/\" \/>\n<meta property=\"og:site_name\" content=\"Slovensk\u00e9 parkety, s.r.o.\" \/>\n<meta property=\"article:modified_time\" content=\"2024-06-14T22:07:48+00:00\" \/>\n<meta property=\"og:image\" content=\"https:\/\/www.slovenskeparkety.sk\/wp-content\/uploads\/2024\/01\/5-2.png\" \/>\n\t<meta property=\"og:image:width\" content=\"997\" \/>\n\t<meta property=\"og:image:height\" content=\"497\" \/>\n\t<meta property=\"og:image:type\" content=\"image\/png\" \/>\n<meta name=\"twitter:card\" content=\"summary_large_image\" \/>\n<meta name=\"twitter:label1\" content=\"Est. reading time\" \/>\n\t<meta name=\"twitter:data1\" content=\"7 minutes\" \/>\n<script type=\"application\/ld+json\" class=\"yoast-schema-graph\">{\"@context\":\"https:\\\/\\\/schema.org\",\"@graph\":[{\"@type\":\"WebPage\",\"@id\":\"https:\\\/\\\/www.slovenskeparkety.sk\\\/en\\\/contact\\\/\",\"url\":\"https:\\\/\\\/www.slovenskeparkety.sk\\\/en\\\/contact\\\/\",\"name\":\"Contact - Phone, email, and map\",\"isPartOf\":{\"@id\":\"https:\\\/\\\/www.slovenskeparkety.sk\\\/en\\\/#website\"},\"primaryImageOfPage\":{\"@id\":\"https:\\\/\\\/www.slovenskeparkety.sk\\\/en\\\/contact\\\/#primaryimage\"},\"image\":{\"@id\":\"https:\\\/\\\/www.slovenskeparkety.sk\\\/en\\\/contact\\\/#primaryimage\"},\"thumbnailUrl\":\"https:\\\/\\\/www.slovenskeparkety.sk\\\/wp-content\\\/uploads\\\/2024\\\/01\\\/5-2.png\",\"datePublished\":\"2024-01-31T08:30:29+00:00\",\"dateModified\":\"2024-06-14T22:07:48+00:00\",\"description\":\"Contact information of our company's employees and a clear map to our company's headquarters Slovensk\u00e9 parkety s.r.o\",\"breadcrumb\":{\"@id\":\"https:\\\/\\\/www.slovenskeparkety.sk\\\/en\\\/contact\\\/#breadcrumb\"},\"inLanguage\":\"en-US\",\"potentialAction\":[{\"@type\":\"ReadAction\",\"target\":[\"https:\\\/\\\/www.slovenskeparkety.sk\\\/en\\\/contact\\\/\"]}]},{\"@type\":\"ImageObject\",\"inLanguage\":\"en-US\",\"@id\":\"https:\\\/\\\/www.slovenskeparkety.sk\\\/en\\\/contact\\\/#primaryimage\",\"url\":\"https:\\\/\\\/www.slovenskeparkety.sk\\\/wp-content\\\/uploads\\\/2024\\\/01\\\/5-2.png\",\"contentUrl\":\"https:\\\/\\\/www.slovenskeparkety.sk\\\/wp-content\\\/uploads\\\/2024\\\/01\\\/5-2.png\",\"width\":997,\"height\":497},{\"@type\":\"BreadcrumbList\",\"@id\":\"https:\\\/\\\/www.slovenskeparkety.sk\\\/en\\\/contact\\\/#breadcrumb\",\"itemListElement\":[{\"@type\":\"ListItem\",\"position\":1,\"name\":\"Domovsk\u00e1 str\u00e1nka\",\"item\":\"https:\\\/\\\/www.slovenskeparkety.sk\\\/en\\\/home\\\/\"},{\"@type\":\"ListItem\",\"position\":2,\"name\":\"Contact\"}]},{\"@type\":\"WebSite\",\"@id\":\"https:\\\/\\\/www.slovenskeparkety.sk\\\/en\\\/#website\",\"url\":\"https:\\\/\\\/www.slovenskeparkety.sk\\\/en\\\/\",\"name\":\"Slovensk\u00e9 parkety, s.r.o.\",\"description\":\"V\u00fdroba a predaj dreven\u00fdch parkiet\",\"potentialAction\":[{\"@type\":\"SearchAction\",\"target\":{\"@type\":\"EntryPoint\",\"urlTemplate\":\"https:\\\/\\\/www.slovenskeparkety.sk\\\/en\\\/?s={search_term_string}\"},\"query-input\":{\"@type\":\"PropertyValueSpecification\",\"valueRequired\":true,\"valueName\":\"search_term_string\"}}],\"inLanguage\":\"en-US\"}]}<\/script>\n<!-- \/ Yoast SEO plugin. -->","yoast_head_json":{"title":"Contact - Phone, email, and map","description":"Contact information of our company's employees and a clear map to our company's headquarters Slovensk\u00e9 parkety s.r.o","robots":{"index":"index","follow":"follow","max-snippet":"max-snippet:-1","max-image-preview":"max-image-preview:large","max-video-preview":"max-video-preview:-1"},"canonical":"https:\/\/www.slovenskeparkety.sk\/en\/contact\/","og_locale":"en_US","og_type":"article","og_title":"Contact - Phone, email, and map","og_description":"Contact information of our company's employees and a clear map to our company's headquarters Slovensk\u00e9 parkety s.r.o","og_url":"https:\/\/www.slovenskeparkety.sk\/en\/contact\/","og_site_name":"Slovensk\u00e9 parkety, s.r.o.","article_modified_time":"2024-06-14T22:07:48+00:00","og_image":[{"width":997,"height":497,"url":"https:\/\/www.slovenskeparkety.sk\/wp-content\/uploads\/2024\/01\/5-2.png","type":"image\/png"}],"twitter_card":"summary_large_image","twitter_misc":{"Est. reading time":"7 minutes"},"schema":{"@context":"https:\/\/schema.org","@graph":[{"@type":"WebPage","@id":"https:\/\/www.slovenskeparkety.sk\/en\/contact\/","url":"https:\/\/www.slovenskeparkety.sk\/en\/contact\/","name":"Contact - Phone, email, and map","isPartOf":{"@id":"https:\/\/www.slovenskeparkety.sk\/en\/#website"},"primaryImageOfPage":{"@id":"https:\/\/www.slovenskeparkety.sk\/en\/contact\/#primaryimage"},"image":{"@id":"https:\/\/www.slovenskeparkety.sk\/en\/contact\/#primaryimage"},"thumbnailUrl":"https:\/\/www.slovenskeparkety.sk\/wp-content\/uploads\/2024\/01\/5-2.png","datePublished":"2024-01-31T08:30:29+00:00","dateModified":"2024-06-14T22:07:48+00:00","description":"Contact information of our company's employees and a clear map to our company's headquarters Slovensk\u00e9 parkety s.r.o","breadcrumb":{"@id":"https:\/\/www.slovenskeparkety.sk\/en\/contact\/#breadcrumb"},"inLanguage":"en-US","potentialAction":[{"@type":"ReadAction","target":["https:\/\/www.slovenskeparkety.sk\/en\/contact\/"]}]},{"@type":"ImageObject","inLanguage":"en-US","@id":"https:\/\/www.slovenskeparkety.sk\/en\/contact\/#primaryimage","url":"https:\/\/www.slovenskeparkety.sk\/wp-content\/uploads\/2024\/01\/5-2.png","contentUrl":"https:\/\/www.slovenskeparkety.sk\/wp-content\/uploads\/2024\/01\/5-2.png","width":997,"height":497},{"@type":"BreadcrumbList","@id":"https:\/\/www.slovenskeparkety.sk\/en\/contact\/#breadcrumb","itemListElement":[{"@type":"ListItem","position":1,"name":"Domovsk\u00e1 str\u00e1nka","item":"https:\/\/www.slovenskeparkety.sk\/en\/home\/"},{"@type":"ListItem","position":2,"name":"Contact"}]},{"@type":"WebSite","@id":"https:\/\/www.slovenskeparkety.sk\/en\/#website","url":"https:\/\/www.slovenskeparkety.sk\/en\/","name":"Slovensk\u00e9 parkety, s.r.o.","description":"V\u00fdroba a predaj dreven\u00fdch parkiet","potentialAction":[{"@type":"SearchAction","target":{"@type":"EntryPoint","urlTemplate":"https:\/\/www.slovenskeparkety.sk\/en\/?s={search_term_string}"},"query-input":{"@type":"PropertyValueSpecification","valueRequired":true,"valueName":"search_term_string"}}],"inLanguage":"en-US"}]}},"_links":{"self":[{"href":"https:\/\/www.slovenskeparkety.sk\/en\/wp-json\/wp\/v2\/pages\/697","targetHints":{"allow":["GET"]}}],"collection":[{"href":"https:\/\/www.slovenskeparkety.sk\/en\/wp-json\/wp\/v2\/pages"}],"about":[{"href":"https:\/\/www.slovenskeparkety.sk\/en\/wp-json\/wp\/v2\/types\/page"}],"author":[{"embeddable":true,"href":"https:\/\/www.slovenskeparkety.sk\/en\/wp-json\/wp\/v2\/users\/1"}],"replies":[{"embeddable":true,"href":"https:\/\/www.slovenskeparkety.sk\/en\/wp-json\/wp\/v2\/comments?post=697"}],"version-history":[{"count":5,"href":"https:\/\/www.slovenskeparkety.sk\/en\/wp-json\/wp\/v2\/pages\/697\/revisions"}],"predecessor-version":[{"id":882,"href":"https:\/\/www.slovenskeparkety.sk\/en\/wp-json\/wp\/v2\/pages\/697\/revisions\/882"}],"wp:featuredmedia":[{"embeddable":true,"href":"https:\/\/www.slovenskeparkety.sk\/en\/wp-json\/wp\/v2\/media\/652"}],"wp:attachment":[{"href":"https:\/\/www.slovenskeparkety.sk\/en\/wp-json\/wp\/v2\/media?parent=697"}],"curies":[{"name":"wp","href":"https:\/\/api.w.org\/{rel}","templated":true}]}}